{"id":8215,"date":"2026-04-22T20:49:40","date_gmt":"2026-04-22T18:49:40","guid":{"rendered":"https:\/\/riddaren24.se\/?page_id=8215"},"modified":"2026-04-25T14:21:16","modified_gmt":"2026-04-25T12:21:16","slug":"2026-2","status":"publish","type":"page","link":"https:\/\/riddaren24.se\/?page_id=8215","title":{"rendered":"2026"},"content":{"rendered":"<p>Protokollet fr\u00e5n \u00c5rsst\u00e4mman:<\/p>\n<p>Kallelse: <a href=\"http:\/\/riddaren24.se\/wp-content\/uploads\/2026\/04\/Kallelse-stamma-260424-1.pdf\">Kallelse st\u00e4mma 260424<\/a><\/p>\n<p>Fullmakt: <a href=\"http:\/\/riddaren24.se\/wp-content\/uploads\/2026\/04\/Fullmakt-stamma-260424.pdf\">Fullmakt st\u00e4mma 260424<\/a><\/p>\n<p>Valberedningens f\u00f6rslag: <a href=\"http:\/\/riddaren24.se\/wp-content\/uploads\/2026\/04\/Valberedningens-forslag-till-arsmotet-2026-1.pdf\">Valberedningens fo\u0308rslag till a\u030arsmo\u0308tet 2026<\/a><\/p>\n<p>Motion A &#8211; Transparens i samf\u00e4lligheten: <a href=\"http:\/\/riddaren24.se\/wp-content\/uploads\/2026\/04\/Motion-transparens-i-samfalligheten-stamma-260424.pdf\">Motion transparens i samf\u00e4lligheten st\u00e4mma 260424<\/a><\/p>\n<p>Motion B &#8211; St\u00f6rre projekt styrning och kontroll: <a href=\"http:\/\/riddaren24.se\/wp-content\/uploads\/2026\/04\/Motion-storre-projekt-styrning-och-kontroll-stamma-260424.pdf\">Motion st\u00f6rre projekt styrning och kontroll st\u00e4mma 260424<\/a><\/p>\n<p>Styrelsens f\u00f6rslag: <a href=\"http:\/\/riddaren24.se\/wp-content\/uploads\/2026\/04\/Forslag-fran-styrelsen-stamma-260424.pdf\">F\u00f6rslag fr\u00e5n styrelsen st\u00e4mma 260424<\/a><\/p>\n<p>\u00c5rsredovisning: <a href=\"http:\/\/riddaren24.se\/wp-content\/uploads\/2026\/04\/Arsredovisning-2025-Brf-Riddarsporren-24.pades_.pdf\">\u00c5rsredovisning 2025 Brf Riddarsporren 24<\/a><\/p>\n<p>Revisionsber\u00e4ttelse: <a href=\"http:\/\/riddaren24.se\/wp-content\/uploads\/2026\/04\/Revisionsberattelse_Bostadsrattsforeningen_Riddarsporren_24_2025_2026-04-23.pdf\">Revisionsber\u00e4ttelse Bostadsr\u00e4ttsf\u00f6reningen Riddarsporren24 -2025<\/a><\/p>\n","protected":false},"excerpt":{"rendered":"<p>Protokollet fr\u00e5n \u00c5rsst\u00e4mman: Kallelse: Kallelse st\u00e4mma 260424 Fullmakt: Fullmakt st\u00e4mma 260424 Valberedningens f\u00f6rslag: Valberedningens fo\u0308rslag till a\u030arsmo\u0308tet 2026 Motion A &#8211; Transparens i samf\u00e4lligheten: Motion transparens i samf\u00e4lligheten st\u00e4mma 260424 Motion B &#8211; St\u00f6rre projekt styrning och kontroll: Motion st\u00f6rre projekt styrning och kontroll st\u00e4mma 260424 Styrelsens f\u00f6rslag: F\u00f6rslag fr\u00e5n styrelsen st\u00e4mma 260424 \u00c5rsredovisning: \u00c5rsredovisning &hellip; <\/p>\n<p><a class=\"more-link btn\" href=\"https:\/\/riddaren24.se\/?page_id=8215\">Forts\u00e4tt l\u00e4sa<\/a><\/p>\n","protected":false},"author":22,"featured_media":0,"parent":816,"menu_order":0,"comment_status":"closed","ping_status":"closed","template":"","meta":{"footnotes":""},"class_list":["post-8215","page","type-page","status-publish","hentry","nodate","item-wrap"],"_links":{"self":[{"href":"https:\/\/riddaren24.se\/index.php?rest_route=\/wp\/v2\/pages\/8215","targetHints":{"allow":["GET"]}}],"collection":[{"href":"https:\/\/riddaren24.se\/index.php?rest_route=\/wp\/v2\/pages"}],"about":[{"href":"https:\/\/riddaren24.se\/index.php?rest_route=\/wp\/v2\/types\/page"}],"author":[{"embeddable":true,"href":"https:\/\/riddaren24.se\/index.php?rest_route=\/wp\/v2\/users\/22"}],"replies":[{"embeddable":true,"href":"https:\/\/riddaren24.se\/index.php?rest_route=%2Fwp%2Fv2%2Fcomments&post=8215"}],"version-history":[{"count":6,"href":"https:\/\/riddaren24.se\/index.php?rest_route=\/wp\/v2\/pages\/8215\/revisions"}],"predecessor-version":[{"id":8242,"href":"https:\/\/riddaren24.se\/index.php?rest_route=\/wp\/v2\/pages\/8215\/revisions\/8242"}],"up":[{"embeddable":true,"href":"https:\/\/riddaren24.se\/index.php?rest_route=\/wp\/v2\/pages\/816"}],"wp:attachment":[{"href":"https:\/\/riddaren24.se\/index.php?rest_route=%2Fwp%2Fv2%2Fmedia&parent=8215"}],"curies":[{"name":"wp","href":"https:\/\/api.w.org\/{rel}","templated":true}]}}