{"id":8207,"date":"2026-04-21T19:46:32","date_gmt":"2026-04-21T17:46:32","guid":{"rendered":"https:\/\/riddaren24.se\/?page_id=8207"},"modified":"2026-04-22T20:53:34","modified_gmt":"2026-04-22T18:53:34","slug":"extrastamma-25-11-17","status":"publish","type":"page","link":"https:\/\/riddaren24.se\/?page_id=8207","title":{"rendered":"Extrast\u00e4mma 25-11-17"},"content":{"rendered":"<p>Protokollet fr\u00e5n extrast\u00e4mman: <a href=\"http:\/\/riddaren24.se\/wp-content\/uploads\/2026\/04\/Protokoll-extrastamma-17-nov-2025-signerad.pdf\">Protokoll extrast\u00e4mma 17 nov 2025-signerad<\/a><\/p>\n<p>Kallelse och bakgrund: <a href=\"http:\/\/riddaren24.se\/wp-content\/uploads\/2026\/04\/BRF_Riddarsporren24_Extra_Stamma_17nov2025_Kallelse_PDF.pdf\">BRF_Riddarsporren24_Extra_Stamma_17nov2025_Kallelse_PDF<\/a><\/p>\n<p>Fullmakt: <a href=\"https:\/\/riddaren24.se\/wp-content\/uploads\/2025\/11\/FullmaktV2-2025.pdf\">https:\/\/riddaren24.se\/wp-content\/uploads\/2025\/11\/FullmaktV2-2025.pdf<\/a><\/p>\n","protected":false},"excerpt":{"rendered":"<p>Protokollet fr\u00e5n extrast\u00e4mman: Protokoll extrast\u00e4mma 17 nov 2025-signerad Kallelse och bakgrund: BRF_Riddarsporren24_Extra_Stamma_17nov2025_Kallelse_PDF Fullmakt: https:\/\/riddaren24.se\/wp-content\/uploads\/2025\/11\/FullmaktV2-2025.pdf<\/p>\n","protected":false},"author":22,"featured_media":0,"parent":7408,"menu_order":1,"comment_status":"closed","ping_status":"closed","template":"","meta":{"footnotes":""},"class_list":["post-8207","page","type-page","status-publish","hentry","nodate","item-wrap"],"_links":{"self":[{"href":"https:\/\/riddaren24.se\/index.php?rest_route=\/wp\/v2\/pages\/8207","targetHints":{"allow":["GET"]}}],"collection":[{"href":"https:\/\/riddaren24.se\/index.php?rest_route=\/wp\/v2\/pages"}],"about":[{"href":"https:\/\/riddaren24.se\/index.php?rest_route=\/wp\/v2\/types\/page"}],"author":[{"embeddable":true,"href":"https:\/\/riddaren24.se\/index.php?rest_route=\/wp\/v2\/users\/22"}],"replies":[{"embeddable":true,"href":"https:\/\/riddaren24.se\/index.php?rest_route=%2Fwp%2Fv2%2Fcomments&post=8207"}],"version-history":[{"count":1,"href":"https:\/\/riddaren24.se\/index.php?rest_route=\/wp\/v2\/pages\/8207\/revisions"}],"predecessor-version":[{"id":8210,"href":"https:\/\/riddaren24.se\/index.php?rest_route=\/wp\/v2\/pages\/8207\/revisions\/8210"}],"up":[{"embeddable":true,"href":"https:\/\/riddaren24.se\/index.php?rest_route=\/wp\/v2\/pages\/7408"}],"wp:attachment":[{"href":"https:\/\/riddaren24.se\/index.php?rest_route=%2Fwp%2Fv2%2Fmedia&parent=8207"}],"curies":[{"name":"wp","href":"https:\/\/api.w.org\/{rel}","templated":true}]}}