{"id":7426,"date":"2025-05-12T22:00:05","date_gmt":"2025-05-12T20:00:05","guid":{"rendered":"https:\/\/riddaren24.se\/?page_id=7426"},"modified":"2026-04-22T20:45:48","modified_gmt":"2026-04-22T18:45:48","slug":"arsredovisning-2024","status":"publish","type":"page","link":"https:\/\/riddaren24.se\/?page_id=7426","title":{"rendered":"\u00c5rsredovisning 2024"},"content":{"rendered":"<p>\u00c5rsredovisning 2024: <a href=\"http:\/\/riddaren24.se\/wp-content\/uploads\/2025\/04\/Arsredovisning-2024-Brf-Riddarsporren-24.pdf\">\u00c5rsredovisning 2024 Brf Riddarsporren 24<\/a><\/p>\n<p>Revisionsber\u00e4ttelse 2024: <a href=\"http:\/\/riddaren24.se\/wp-content\/uploads\/2025\/04\/Revisionsberattelse-Bostadsrattsforeningen-Riddarsporren-24-240101-241231.pdf\">Revisionsber\u00e4ttelse Bostadsr\u00e4ttsf\u00f6reningen Riddarsporren 24 240101-241231<\/a><\/p>\n","protected":false},"excerpt":{"rendered":"<p>\u00c5rsredovisning 2024: \u00c5rsredovisning 2024 Brf Riddarsporren 24 Revisionsber\u00e4ttelse 2024: Revisionsber\u00e4ttelse Bostadsr\u00e4ttsf\u00f6reningen Riddarsporren 24 240101-241231<\/p>\n","protected":false},"author":13,"featured_media":0,"parent":7408,"menu_order":0,"comment_status":"closed","ping_status":"closed","template":"","meta":{"footnotes":""},"class_list":["post-7426","page","type-page","status-publish","hentry","nodate","item-wrap"],"_links":{"self":[{"href":"https:\/\/riddaren24.se\/index.php?rest_route=\/wp\/v2\/pages\/7426","targetHints":{"allow":["GET"]}}],"collection":[{"href":"https:\/\/riddaren24.se\/index.php?rest_route=\/wp\/v2\/pages"}],"about":[{"href":"https:\/\/riddaren24.se\/index.php?rest_route=\/wp\/v2\/types\/page"}],"author":[{"embeddable":true,"href":"https:\/\/riddaren24.se\/index.php?rest_route=\/wp\/v2\/users\/13"}],"replies":[{"embeddable":true,"href":"https:\/\/riddaren24.se\/index.php?rest_route=%2Fwp%2Fv2%2Fcomments&post=7426"}],"version-history":[{"count":1,"href":"https:\/\/riddaren24.se\/index.php?rest_route=\/wp\/v2\/pages\/7426\/revisions"}],"predecessor-version":[{"id":7427,"href":"https:\/\/riddaren24.se\/index.php?rest_route=\/wp\/v2\/pages\/7426\/revisions\/7427"}],"up":[{"embeddable":true,"href":"https:\/\/riddaren24.se\/index.php?rest_route=\/wp\/v2\/pages\/7408"}],"wp:attachment":[{"href":"https:\/\/riddaren24.se\/index.php?rest_route=%2Fwp%2Fv2%2Fmedia&parent=7426"}],"curies":[{"name":"wp","href":"https:\/\/api.w.org\/{rel}","templated":true}]}}