{"id":6462,"date":"2023-05-28T23:38:11","date_gmt":"2023-05-28T21:38:11","guid":{"rendered":"http:\/\/riddaren24.se\/?page_id=6462"},"modified":"2023-07-02T16:29:39","modified_gmt":"2023-07-02T14:29:39","slug":"arsredovisning-2022","status":"publish","type":"page","link":"https:\/\/riddaren24.se\/?page_id=6462","title":{"rendered":"\u00c5rsredovisning 2022"},"content":{"rendered":"<p>\u00c5rsredovisning 2022 Brf Riddarsporren 24 finns h\u00e4r: <strong><a href=\"http:\/\/riddaren24.se\/wp-content\/uploads\/2023\/07\/785_AR_med_RB_2022_230509_R1.pdf\">785_\u00c5R_med_RB_2022_230509_R1<\/a><\/strong><\/p>\n","protected":false},"excerpt":{"rendered":"<p>\u00c5rsredovisning 2022 Brf Riddarsporren 24 finns h\u00e4r: 785_\u00c5R_med_RB_2022_230509_R1<\/p>\n","protected":false},"author":13,"featured_media":0,"parent":6419,"menu_order":0,"comment_status":"closed","ping_status":"closed","template":"","meta":{"footnotes":""},"class_list":["post-6462","page","type-page","status-publish","hentry","nodate","item-wrap"],"_links":{"self":[{"href":"https:\/\/riddaren24.se\/index.php?rest_route=\/wp\/v2\/pages\/6462","targetHints":{"allow":["GET"]}}],"collection":[{"href":"https:\/\/riddaren24.se\/index.php?rest_route=\/wp\/v2\/pages"}],"about":[{"href":"https:\/\/riddaren24.se\/index.php?rest_route=\/wp\/v2\/types\/page"}],"author":[{"embeddable":true,"href":"https:\/\/riddaren24.se\/index.php?rest_route=\/wp\/v2\/users\/13"}],"replies":[{"embeddable":true,"href":"https:\/\/riddaren24.se\/index.php?rest_route=%2Fwp%2Fv2%2Fcomments&post=6462"}],"version-history":[{"count":3,"href":"https:\/\/riddaren24.se\/index.php?rest_route=\/wp\/v2\/pages\/6462\/revisions"}],"predecessor-version":[{"id":6521,"href":"https:\/\/riddaren24.se\/index.php?rest_route=\/wp\/v2\/pages\/6462\/revisions\/6521"}],"up":[{"embeddable":true,"href":"https:\/\/riddaren24.se\/index.php?rest_route=\/wp\/v2\/pages\/6419"}],"wp:attachment":[{"href":"https:\/\/riddaren24.se\/index.php?rest_route=%2Fwp%2Fv2%2Fmedia&parent=6462"}],"curies":[{"name":"wp","href":"https:\/\/api.w.org\/{rel}","templated":true}]}}