{"id":5481,"date":"2021-03-28T15:40:22","date_gmt":"2021-03-28T13:40:22","guid":{"rendered":"http:\/\/riddaren24.se\/?page_id=5481"},"modified":"2022-01-09T11:55:28","modified_gmt":"2022-01-09T09:55:28","slug":"bastun","status":"publish","type":"page","link":"https:\/\/riddaren24.se\/?page_id=5481","title":{"rendered":"Bastun"},"content":{"rendered":"<p>F\u00f6reningen har en bastu och tillh\u00f6rande relaxavdelning f\u00f6r anv\u00e4ndning av medlemmarna. Bastun ligger i k\u00e4llarplanet under 17-huset, bredvid gymmet.<\/p>\n<p><a href=\"http:\/\/riddaren24.se\/wp-content\/uploads\/2021\/03\/Bastu-1.jpg\"><img loading=\"lazy\" decoding=\"async\" class=\"alignnone size-large wp-image-5513\" src=\"http:\/\/riddaren24.se\/wp-content\/uploads\/2021\/03\/Bastu-1-1024x683.jpg\" alt=\"\" width=\"750\" height=\"500\" srcset=\"https:\/\/riddaren24.se\/wp-content\/uploads\/2021\/03\/Bastu-1-1024x683.jpg 1024w, https:\/\/riddaren24.se\/wp-content\/uploads\/2021\/03\/Bastu-1-300x200.jpg 300w, https:\/\/riddaren24.se\/wp-content\/uploads\/2021\/03\/Bastu-1-768x512.jpg 768w, https:\/\/riddaren24.se\/wp-content\/uploads\/2021\/03\/Bastu-1-1536x1024.jpg 1536w, https:\/\/riddaren24.se\/wp-content\/uploads\/2021\/03\/Bastu-1-2048x1365.jpg 2048w, https:\/\/riddaren24.se\/wp-content\/uploads\/2021\/03\/Bastu-1-750x500.jpg 750w\" sizes=\"auto, (max-width: 750px) 100vw, 750px\" \/><\/a><\/p>\n<p>F\u00f6r att f\u00e5 tillg\u00e5ng till bastun anm\u00e4ler man sig till f\u00f6reningen Basturelaxens v\u00e4nner, och betalar medlemsavgiften och en depositionsavgift (endast f\u00f6rsta \u00e5ret). Medlemsavgiften \u00e4r p\u00e5 900kr per l\u00e4genhet per \u00e5r. Depositionsavgiften, som finns f\u00f6r att se till att man st\u00e4dar ordentligt och l\u00e4mnar bastun i perfekt skick, \u00e4r p\u00e5 1000kr. Denna \u00e5terbetalas efter avr\u00e4kning vid flytt eller avslut av medlemskapet. Debitering av avgiften sker i samband med medlemsavgiften till bostadsr\u00e4ttsf\u00f6reningen, d.v.s. det debiteras i praktiken 75kr per m\u00e5nad. Depositionsavgiften l\u00e4ggs p\u00e5 den f\u00f6rsta debiteringen. Anm\u00e4lan g\u00f6rs via formul\u00e4ret nedan.<\/p>\n<p>Som medlem i f\u00f6reningen har man m\u00f6jlighet att boka tid i bastun via Aptus-systemet (samma som tv\u00e4ttstugebokningen). Man kan boka en tid i taget. Se <a href=\"http:\/\/riddaren24.se\/?page_id=861\">den h\u00e4r sidan<\/a> f\u00f6r instruktioner. Passen \u00e4r tv\u00e5 timmar l\u00e5nga, och bastun \u00e4r p\u00e5 med en fast temperatur p\u00e5 80 grader under den bokningsbara delen av dygnet.<\/p>\n<p><a style=\"color: #ffffff !important;\" href=\"https:\/\/aptus.sakerhetsintegrering.se\/riddarsporren\/aptusportal\"><span style=\"border-radius: 4px; border: 1px solid #222222; padding: 10px; background-color: #229922; color: #ffffff !important;\">Till bokningen<\/span><\/a><\/p>\n<h3>Hitta till bastun<\/h3>\n<p>F\u00f6r att hitta till bastun g\u00e5r man in genom trapphus 17D eller 17N och ner i k\u00e4llarplanet. Man kommer in i k\u00e4llarg\u00e5ngen med sin Aptus-bricka. D\u00f6rren fr\u00e5n k\u00e4llarg\u00e5ngen \u00e4r m\u00e4rkt &#8221;Bastu\/Gym&#8221;. Man kommer in med Aptus-bricka om man har bokat tid.<\/p>\n<h3>Ordningsregler<\/h3>\n<ul>\n<li>Bastu\/relaxen \u00e4r avsedd som mysig avkopplande milj\u00f6, inte f\u00f6r privata fester.<\/li>\n<li>L\u00e4mna bastun i det skick du sj\u00e4lv vill finna den.<\/li>\n<li>Duscha alltid innan bastubad<\/li>\n<li>Anv\u00e4nd sittunderlag i bastun<\/li>\n<li>Inga bad- eller underkl\u00e4der i bastun<\/li>\n<li>Endast rent vatten f\u00e5r kastas p\u00e5 aggregatet, ej dofter, av h\u00e4nsyn till allergiker<\/li>\n<li>Inget f\u00e5r placeras p\u00e5 aggregatet, f\u00e5r absolut ej \u00f6vert\u00e4ckas<\/li>\n<li>Ingen sk\u00f6tsel av personlig hygien i bastun (fotfilning, skrubbning m.m.)<\/li>\n<li>Anv\u00e4nd endast plast- och eng\u00e5ngsglas i lokalen<\/li>\n<li>R\u00f6kning \u00e4r absolut f\u00f6rbjudet i lokalen<\/li>\n<li>Avsluta ditt pass i tid s\u00e5 du hinner st\u00e4da efter dig innan n\u00e4sta pass<\/li>\n<li>St\u00e4da noga efter dig, speciellt i duscharna, bastun samt toaletten. Ta bort h\u00e5r i duschsilarna, torka av golven i hela lokalen. St\u00e4dmaterial finns i duschrum i korridoren.<\/li>\n<li>Meddela styrelsen om det inte \u00e4r rent och snyggt n\u00e4r du kommer<\/li>\n<\/ul>\n<h3>Anm\u00e4lan till Basturelaxens v\u00e4nner<\/h3>\n<p>F\u00f6r att anm\u00e4la dig till bastun fyller du i formul\u00e4ret nedan. <strong>Genom att skicka in din anm\u00e4lan accepterar du att betala medlemsavgiften via m\u00e5nadsaviseringen fr\u00e5n f\u00f6rvaltaren. Du f\u00f6rbinder \u00e4ven dig\u00a0att f\u00f6lja ordningsreglerna och accepterar att vistelse i bastun sker p\u00e5 egen risk.<\/strong><\/p>\n<p>Notera att anm\u00e4lningarna \u00a0hanteras manuellt, och att styrelsen arbetar med dessa saker p\u00e5 sin fritid. Det kan d\u00e4rf\u00f6r ta n\u00e5gra dagar efter att man har anm\u00e4lt sig innan man f\u00e5r tillg\u00e5ng till bastun.<\/p>\n<div role=\"form\" class=\"wpcf7\" id=\"wpcf7-f5482-o1\" lang=\"sv-SE\" dir=\"ltr\">\n<div class=\"screen-reader-response\"><p role=\"status\" aria-live=\"polite\" aria-atomic=\"true\"><\/p> <ul><\/ul><\/div>\n<form action=\"\/index.php?rest_route=%2Fwp%2Fv2%2Fpages%2F5481#wpcf7-f5482-o1\" method=\"post\" class=\"wpcf7-form init\" novalidate=\"novalidate\" data-status=\"init\">\n<div style=\"display: none;\">\n<input type=\"hidden\" name=\"_wpcf7\" value=\"5482\" \/>\n<input type=\"hidden\" name=\"_wpcf7_version\" value=\"5.3\" \/>\n<input type=\"hidden\" name=\"_wpcf7_locale\" value=\"sv_SE\" \/>\n<input type=\"hidden\" name=\"_wpcf7_unit_tag\" value=\"wpcf7-f5482-o1\" \/>\n<input type=\"hidden\" name=\"_wpcf7_container_post\" value=\"0\" \/>\n<input type=\"hidden\" name=\"_wpcf7_posted_data_hash\" value=\"\" \/>\n<input type=\"hidden\" name=\"_wpcf7_recaptcha_response\" value=\"\" \/>\n<\/div>\n<p><label> Ditt namn<br \/>\n    <span class=\"wpcf7-form-control-wrap namn\"><input type=\"text\" name=\"namn\" value=\"\" size=\"40\" class=\"wpcf7-form-control wpcf7-text wpcf7-validates-as-required\" aria-required=\"true\" aria-invalid=\"false\" \/><\/span> <\/label><\/p>\n<p><label> Din e-post<br \/>\n    <span class=\"wpcf7-form-control-wrap epost\"><input type=\"email\" name=\"epost\" value=\"\" size=\"40\" class=\"wpcf7-form-control wpcf7-text wpcf7-email wpcf7-validates-as-required wpcf7-validates-as-email\" aria-required=\"true\" aria-invalid=\"false\" \/><\/span> <\/label><\/p>\n<p><label> Ditt telefonnummer<br \/>\n    <span class=\"wpcf7-form-control-wrap telefon\"><input type=\"tel\" name=\"telefon\" value=\"\" size=\"40\" class=\"wpcf7-form-control wpcf7-text wpcf7-tel wpcf7-validates-as-tel\" aria-invalid=\"false\" \/><\/span> <\/label><\/p>\n<p><label> L\u00e4genhetsnummer (f\u00f6reningens tv\u00e5- eller tresiffriga nummer)<br \/>\n    <span class=\"wpcf7-form-control-wrap lagenhetsnummer\"><input type=\"text\" name=\"lagenhetsnummer\" value=\"\" size=\"40\" class=\"wpcf7-form-control wpcf7-text wpcf7-validates-as-required\" aria-required=\"true\" aria-invalid=\"false\" \/><\/span> <\/label><\/p>\n<p><label> Trapphus (15\/17 + bokstav, t.ex. 15B eller 17K)<br \/>\n    <span class=\"wpcf7-form-control-wrap trapphus\"><input type=\"text\" name=\"trapphus\" value=\"\" size=\"40\" class=\"wpcf7-form-control wpcf7-text wpcf7-validates-as-required\" aria-required=\"true\" aria-invalid=\"false\" \/><\/span> <\/label><\/p>\n<p>Man kan ha en eller tv\u00e5 Aptus-brickor med tillg\u00e5ng till bastun per hush\u00e5ll <\/p>\n<p><label> Aptus-bricka 1 (ange de siffror som st\u00e5r p\u00e5 brickan)<br \/>\n    <span class=\"wpcf7-form-control-wrap aptus_1\"><input type=\"text\" name=\"aptus_1\" value=\"\" size=\"40\" class=\"wpcf7-form-control wpcf7-text wpcf7-validates-as-required\" aria-required=\"true\" aria-invalid=\"false\" \/><\/span> <\/label><\/p>\n<p><label> Aptus-bricka 2 (ange de siffror som st\u00e5r p\u00e5 brickan)<br \/>\n    <span class=\"wpcf7-form-control-wrap aptus_2\"><input type=\"text\" name=\"aptus_2\" value=\"\" size=\"40\" class=\"wpcf7-form-control wpcf7-text\" aria-invalid=\"false\" \/><\/span> <\/label><\/p>\n<p><label> Frivilligt meddelande<br \/>\n    <span class=\"wpcf7-form-control-wrap meddelande\"><textarea name=\"meddelande\" cols=\"40\" rows=\"10\" class=\"wpcf7-form-control wpcf7-textarea\" aria-invalid=\"false\"><\/textarea><\/span> <\/label><\/p>\n<p><input type=\"submit\" value=\"Skicka\" class=\"wpcf7-form-control wpcf7-submit\" \/><\/p>\n<div class=\"wpcf7-response-output\" aria-hidden=\"true\"><\/div><\/form><\/div>\n","protected":false},"excerpt":{"rendered":"<p>F\u00f6reningen har en bastu och tillh\u00f6rande relaxavdelning f\u00f6r anv\u00e4ndning av medlemmarna. Bastun ligger i k\u00e4llarplanet under 17-huset, bredvid gymmet. F\u00f6r att f\u00e5 tillg\u00e5ng till bastun anm\u00e4ler man sig till f\u00f6reningen Basturelaxens v\u00e4nner, och betalar medlemsavgiften och en depositionsavgift (endast f\u00f6rsta \u00e5ret). Medlemsavgiften \u00e4r p\u00e5 900kr per l\u00e4genhet per \u00e5r. Depositionsavgiften, som finns f\u00f6r att se &hellip; <\/p>\n<p><a class=\"more-link btn\" href=\"https:\/\/riddaren24.se\/?page_id=5481\">Forts\u00e4tt l\u00e4sa<\/a><\/p>\n","protected":false},"author":16,"featured_media":0,"parent":5464,"menu_order":5,"comment_status":"closed","ping_status":"closed","template":"","meta":{"footnotes":""},"class_list":["post-5481","page","type-page","status-publish","hentry","nodate","item-wrap"],"_links":{"self":[{"href":"https:\/\/riddaren24.se\/index.php?rest_route=\/wp\/v2\/pages\/5481","targetHints":{"allow":["GET"]}}],"collection":[{"href":"https:\/\/riddaren24.se\/index.php?rest_route=\/wp\/v2\/pages"}],"about":[{"href":"https:\/\/riddaren24.se\/index.php?rest_route=\/wp\/v2\/types\/page"}],"author":[{"embeddable":true,"href":"https:\/\/riddaren24.se\/index.php?rest_route=\/wp\/v2\/users\/16"}],"replies":[{"embeddable":true,"href":"https:\/\/riddaren24.se\/index.php?rest_route=%2Fwp%2Fv2%2Fcomments&post=5481"}],"version-history":[{"count":9,"href":"https:\/\/riddaren24.se\/index.php?rest_route=\/wp\/v2\/pages\/5481\/revisions"}],"predecessor-version":[{"id":5992,"href":"https:\/\/riddaren24.se\/index.php?rest_route=\/wp\/v2\/pages\/5481\/revisions\/5992"}],"up":[{"embeddable":true,"href":"https:\/\/riddaren24.se\/index.php?rest_route=\/wp\/v2\/pages\/5464"}],"wp:attachment":[{"href":"https:\/\/riddaren24.se\/index.php?rest_route=%2Fwp%2Fv2%2Fmedia&parent=5481"}],"curies":[{"name":"wp","href":"https:\/\/api.w.org\/{rel}","templated":true}]}}