{"id":4760,"date":"2019-10-27T23:37:50","date_gmt":"2019-10-27T21:37:50","guid":{"rendered":"http:\/\/riddaren24.se\/?page_id=4760"},"modified":"2019-10-27T23:52:11","modified_gmt":"2019-10-27T21:52:11","slug":"flyttanmalan-info-fr-skatteverket","status":"publish","type":"page","link":"https:\/\/riddaren24.se\/?page_id=4760","title":{"rendered":"Flyttanm\u00e4lan, info fr Skatteverket"},"content":{"rendered":"<p>N\u00e4r du flyttar ska du g\u00f6ra en flyttanm\u00e4lan till Skatteverket (<a href=\"https:\/\/skatteverket.se\/flytta\" target=\"_blank\" data-saferedirecturl=\"https:\/\/www.google.com\/url?q=https:\/\/skatteverket.se\/flytta&amp;source=gmail&amp;ust=1572290934277000&amp;usg=AFQjCNF9kUhzsvytIMZNBKQSqOs9asooSA\">https:\/\/skatteverket.se\/<wbr \/>flytta<\/a>\u00a0) s\u00e5 att du f\u00e5r r\u00e4tt folkbokf\u00f6ringsadress. G\u00f6r din anm\u00e4lan i f\u00f6rv\u00e4g eller senast en vecka efter flytten. Skatteverket sprider din nya adress till samtliga myndigheter och \u00e4ven till m\u00e5nga f\u00f6retag.\u00a0 Vill du ha efters\u00e4ndning av din post f\u00e5r du best\u00e4lla det hos Svensk\u00a0<span class=\"il\">adress\u00e4ndring<\/span>\u00a0(<u><a href=\"http:\/\/www.adressandring.se\/\" target=\"_blank\" data-saferedirecturl=\"https:\/\/www.google.com\/url?q=http:\/\/www.adressandring.se&amp;source=gmail&amp;ust=1572290934277000&amp;usg=AFQjCNHgsVHzXWuxzWeKy4Q9iW6_VjvG2A\">www.adressandring.se<\/a><\/u>).<\/p>\n<p>&nbsp;<\/p>\n","protected":false},"excerpt":{"rendered":"<p>N\u00e4r du flyttar ska du g\u00f6ra en flyttanm\u00e4lan till Skatteverket (https:\/\/skatteverket.se\/flytta\u00a0) s\u00e5 att du f\u00e5r r\u00e4tt folkbokf\u00f6ringsadress. G\u00f6r din anm\u00e4lan i f\u00f6rv\u00e4g eller senast en vecka efter flytten. Skatteverket sprider din nya adress till samtliga myndigheter och \u00e4ven till m\u00e5nga f\u00f6retag.\u00a0 Vill du ha efters\u00e4ndning av din post f\u00e5r du best\u00e4lla det hos Svensk\u00a0adress\u00e4ndring\u00a0(www.adressandring.se). &nbsp;<\/p>\n","protected":false},"author":13,"featured_media":0,"parent":745,"menu_order":0,"comment_status":"closed","ping_status":"closed","template":"","meta":{"footnotes":""},"class_list":["post-4760","page","type-page","status-publish","hentry","nodate","item-wrap"],"_links":{"self":[{"href":"https:\/\/riddaren24.se\/index.php?rest_route=\/wp\/v2\/pages\/4760","targetHints":{"allow":["GET"]}}],"collection":[{"href":"https:\/\/riddaren24.se\/index.php?rest_route=\/wp\/v2\/pages"}],"about":[{"href":"https:\/\/riddaren24.se\/index.php?rest_route=\/wp\/v2\/types\/page"}],"author":[{"embeddable":true,"href":"https:\/\/riddaren24.se\/index.php?rest_route=\/wp\/v2\/users\/13"}],"replies":[{"embeddable":true,"href":"https:\/\/riddaren24.se\/index.php?rest_route=%2Fwp%2Fv2%2Fcomments&post=4760"}],"version-history":[{"count":3,"href":"https:\/\/riddaren24.se\/index.php?rest_route=\/wp\/v2\/pages\/4760\/revisions"}],"predecessor-version":[{"id":4769,"href":"https:\/\/riddaren24.se\/index.php?rest_route=\/wp\/v2\/pages\/4760\/revisions\/4769"}],"up":[{"embeddable":true,"href":"https:\/\/riddaren24.se\/index.php?rest_route=\/wp\/v2\/pages\/745"}],"wp:attachment":[{"href":"https:\/\/riddaren24.se\/index.php?rest_route=%2Fwp%2Fv2%2Fmedia&parent=4760"}],"curies":[{"name":"wp","href":"https:\/\/api.w.org\/{rel}","templated":true}]}}