{"id":3120,"date":"2016-01-26T09:29:22","date_gmt":"2016-01-26T08:29:22","guid":{"rendered":"http:\/\/riddaren24.se\/?page_id=3120"},"modified":"2024-05-18T09:31:38","modified_gmt":"2024-05-18T07:31:38","slug":"renovering-av-lagenhet","status":"publish","type":"page","link":"https:\/\/riddaren24.se\/?page_id=3120","title":{"rendered":"Renovering av l\u00e4genhet"},"content":{"rendered":"<p><strong>Ans\u00f6kan om renovering<\/strong><\/p>\n<p>F\u00f6r \u00f6vergripande information om renovering, se v\u00e5r <a href=\"http:\/\/riddaren24.se\/?page_id=3108\"><strong>informationssida<\/strong><\/a>. Om du bor p\u00e5 Hagagatan 17 \u00e4r det d\u00e4rut\u00f6ver viktigt att du ocks\u00e5 l\u00e4ser <a href=\"http:\/\/riddaren24.se\/wp-content\/uploads\/2016\/01\/Platongolv.pdf\"><strong>denna<\/strong><\/a> information om undertrycksventilerade golv innan du planerar din renovering.<\/p>\n<p>Du ans\u00f6ker om att f\u00e5 renovera din l\u00e4genhet genom att skicka in denna <a href=\"http:\/\/riddaren24.se\/wp-content\/uploads\/2017\/11\/Ans\u00f6kan-rev-2017-11-14.pdf\"><strong>blankett<\/strong><\/a> till f\u00f6reningens <strong><a href=\"http:\/\/riddaren24.se\/?page_id=237\">fastighetsf\u00f6rvaltare<\/a><\/strong>.<\/p>\n","protected":false},"excerpt":{"rendered":"<p>Ans\u00f6kan om renovering F\u00f6r \u00f6vergripande information om renovering, se v\u00e5r informationssida. Om du bor p\u00e5 Hagagatan 17 \u00e4r det d\u00e4rut\u00f6ver viktigt att du ocks\u00e5 l\u00e4ser denna information om undertrycksventilerade golv innan du planerar din renovering. Du ans\u00f6ker om att f\u00e5 renovera din l\u00e4genhet genom att skicka in denna blankett till f\u00f6reningens fastighetsf\u00f6rvaltare.<\/p>\n","protected":false},"author":19,"featured_media":0,"parent":519,"menu_order":15,"comment_status":"closed","ping_status":"closed","template":"","meta":{"footnotes":""},"class_list":["post-3120","page","type-page","status-publish","hentry","nodate","item-wrap"],"_links":{"self":[{"href":"https:\/\/riddaren24.se\/index.php?rest_route=\/wp\/v2\/pages\/3120","targetHints":{"allow":["GET"]}}],"collection":[{"href":"https:\/\/riddaren24.se\/index.php?rest_route=\/wp\/v2\/pages"}],"about":[{"href":"https:\/\/riddaren24.se\/index.php?rest_route=\/wp\/v2\/types\/page"}],"author":[{"embeddable":true,"href":"https:\/\/riddaren24.se\/index.php?rest_route=\/wp\/v2\/users\/19"}],"replies":[{"embeddable":true,"href":"https:\/\/riddaren24.se\/index.php?rest_route=%2Fwp%2Fv2%2Fcomments&post=3120"}],"version-history":[{"count":14,"href":"https:\/\/riddaren24.se\/index.php?rest_route=\/wp\/v2\/pages\/3120\/revisions"}],"predecessor-version":[{"id":6873,"href":"https:\/\/riddaren24.se\/index.php?rest_route=\/wp\/v2\/pages\/3120\/revisions\/6873"}],"up":[{"embeddable":true,"href":"https:\/\/riddaren24.se\/index.php?rest_route=\/wp\/v2\/pages\/519"}],"wp:attachment":[{"href":"https:\/\/riddaren24.se\/index.php?rest_route=%2Fwp%2Fv2%2Fmedia&parent=3120"}],"curies":[{"name":"wp","href":"https:\/\/api.w.org\/{rel}","templated":true}]}}