{"id":959,"date":"2011-05-22T20:51:54","date_gmt":"2011-05-22T18:51:54","guid":{"rendered":"http:\/\/riddaren24.se\/?page_id=959"},"modified":"2026-03-02T14:27:15","modified_gmt":"2026-03-02T12:27:15","slug":"for-nyinflyttade","status":"publish","type":"page","link":"http:\/\/riddaren24.se\/?page_id=959","title":{"rendered":"F\u00f6r nyinflyttade"},"content":{"rendered":"<h2><strong>Lite praktisk information till nyinflyttade medlemmar: <\/strong><\/h2>\n<h2><a href=\"http:\/\/riddaren24.se\/wp-content\/uploads\/2023\/11\/Valkomstbrev_Riddarsporren_231128.pdf\">V\u00e4lkomstbrev<\/a><\/h2>\n<p>F\u00f6reningen har ett skalskydd med Aptus-l\u00e4sare p\u00e5 m\u00e5nga gemensamma d\u00f6rrar, fr\u00e4mst portar, grindar, tv\u00e4ttstugor, cykelrum och vissa k\u00e4llard\u00f6rrar. Till dessa d\u00f6rrar h\u00f6r ber\u00f6ringsfria nyckelbrickor som fastighetsf\u00f6rvaltaren sk\u00f6ter:<\/p>\n<ul>\n<li>Som ny medlem har du<strong> 7 dagar<\/strong> p\u00e5 dig att kontakta Delagotts kundtj\u00e4nst (via <strong><a style=\"background-color: #ffffff;\" href=\"http:\/\/riddaren24.se\/?page_id=237\">felanm\u00e4lan<\/a><\/strong>) och meddela vilka brickor som \u00e4r aktuella f\u00f6r din l\u00e4genhet, oftast \u00e4r det de du f\u00e5tt via s\u00e4ljaren. <strong>Passa p\u00e5 att samtidigt tala om vad du \u00f6nskar att d\u00f6rr och porttavla m\u00e4rks upp med samt vilket\/vilka telefonnummer (hem och\/eller mobil) du vill ansluta till porttelefonen. <\/strong>Efter 21.30 syns inte namnen utan g\u00e4sten knappar in det nummer du anm\u00e4lt p\u00e5 displayen ist\u00e4llet.<\/li>\n<li>Eventuella brickor som inte \u00f6verl\u00e4mnats till den nya medlemmen\/ej meddelats Delagott vid \u00f6verl\u00e5telse av bostadsr\u00e4tt raderas p\u00e5 7 dagen.<\/li>\n<li>Vill du senare byta\/l\u00e4gga till namn p\u00e5 din d\u00f6rr kontaktar du Delagott via <strong><a href=\"http:\/\/riddaren24.se\/?page_id=237\">felanm\u00e4lan<\/a><\/strong>. (Vid inflytt \u00e4r det allts\u00e5 kostnadsfritt, senare kostar det en mindre summa.)<\/li>\n<li>Har du \u00f6nskem\u00e5l om nya brickor eller \u00e4ndring av beh\u00f6righet p\u00e5 en viss bricka best\u00e4lls det genom Delagott via <a href=\"http:\/\/riddaren24.se\/?page_id=237\"><strong>felanm\u00e4lan<\/strong><\/a>. Vid best\u00e4llning av en ny bricka tas en mindre avgift ut.<\/li>\n<li>Likas\u00e5 ska du anm\u00e4la till Delagott via <strong><a href=\"http:\/\/riddaren24.se\/?page_id=237\">felanm\u00e4lan<\/a><\/strong> om du har f\u00f6rlorat en Aptus-bricka, s\u00e5 att brickan kan sp\u00e4rras mot obeh\u00f6rig anv\u00e4ndning.<\/li>\n<li>Beh\u00f6ver du en extranyckel till en gemensam d\u00f6rr som inte har Aptus-l\u00e4sare eller iLoq-l\u00e5s kan du kontakta Delagott \u00a0via <strong><a href=\"http:\/\/riddaren24.se\/?page_id=237\">felanm\u00e4lan <\/a><\/strong>s\u00e5 best\u00e4ller de en nyckel som du sj\u00e4lv f\u00e5r avh\u00e4mta p\u00e5 Axl\u00e5s AB, R\u00e5dmansgatan 54. Var noga med att i mejlet ange exakt vad som st\u00e5r p\u00e5 den nyckel, som du \u00f6nskar f\u00e5 en kopia av, s\u00e5 att det inte blir fel. Kostnaden f\u00f6r ny nyckel st\u00e5r du sj\u00e4lv f\u00f6r och betalas direkt till Axl\u00e5s vid avh\u00e4mtning.<\/li>\n<li>En iLoq-l\u00f6sning anv\u00e4nds f\u00f6r m\u00e5nga av f\u00f6renings d\u00f6rrar, framf\u00f6rallt till k\u00e4llard\u00f6rrarna d\u00e4r f\u00f6rr\u00e5den finns. Vid \u00f6verg\u00e5ngen till iLoq kunde man kvittera ut tv\u00e5 nycklar per l\u00e4genhet, vilket normalt sett ocks\u00e5 gjordes. Det \u00e4r s\u00e4ljarens ansvar att l\u00e4mna \u00f6ver nycklar till k\u00f6pare och k\u00f6parens ansvar att s\u00e4kerst\u00e4lla att det finns r\u00e4tt antal nycklar. Mejla Delagott inom 7 dagar om antal iloq nycklar och nyckelnummer, enklast att kombinera med att man rapporterar in Aptusbrickorna. Det g\u00e5r att best\u00e4lla en ny nyckel till sj\u00e4lvkostnadspris, fn 600 kr.<\/li>\n<\/ul>\n<p>&nbsp;<\/p>\n<p>F\u00f6reningen har idag gruppavtal med Tele2 (ComHem) som leverant\u00f6r f\u00f6r Internet och TV via coaxialkabeldosor i l\u00e4genheterna. Kontakta <strong><a href=\"https:\/\/www.tele2.se\/\">Tele2<\/a><\/strong> direkt f\u00f6r inkoppling av tj\u00e4nster.<\/p>\n<p>Under fliken \u201d<a href=\"http:\/\/riddaren24.se\/?page_id=241\"><strong>Kontakt\/Ekonomisk f\u00f6rvaltning<\/strong><\/a>\u201d finner du all praktisk information kring hur du skall hantera m\u00e5nadsavgifter s\u00e5som ansluta autogiro mm. <b><a href=\"http:\/\/riddaren24.se\/?page_id=611\">Delagott<\/a> <\/b>ansvarar \u00e4ven f\u00f6r l\u00e4genhetsregistret och hanterar denuntiationer (underr\u00e4ttelse om att en fordran har \u00f6verl\u00e5tits) vid pants\u00e4ttning av den egna l\u00e4genheten mm.<\/p>\n<p>Till varje l\u00e4genhet finns ett k\u00e4llarf\u00f6rr\u00e5d, se till att du blir anvisad vilket f\u00f6rr\u00e5d som \u00e4r ditt av tidigare \u00e4garen d\u00e5 det annars kan vara sv\u00e5rt att hitta r\u00e4tt, speciellt om du flyttar in i 17-huset. S\u00e4tt ett l\u00e5s p\u00e5 f\u00f6rr\u00e5det \u00e4ven om du inte t\u00e4nker f\u00f6rvara n\u00e5got i f\u00f6rr\u00e5det.<\/p>\n<p>Fastigheten har tv\u00e5 gemensamma tv\u00e4ttstugor, en liten mot g\u00e5rden i 17C och en st\u00f6rre mot torget i 15C, bokning sker med aptus-brickan p\u00e5 tavlan i entr\u00e9n eller genom webbokning under fliken \u201d<strong><a href=\"http:\/\/riddaren24.se\/?page_id=861\">F\u00f6r Medlemmar\/Bokning av tv\u00e4ttstuga<\/a><\/strong>\u201d.<\/p>\n<p>F\u00f6reningen har ett stort garage som \u00e4r uthyrt till Stockholm Parkering, kontakta dem (<a href=\"http:\/\/www.stockholmparkering.se\/\"><strong>www.stockholmparkering.se<\/strong><\/a>) om du \u00f6nskar st\u00e4lla dig i k\u00f6 till en garageplats. Boende i f\u00f6reningen har f\u00f6rtur till lediga platser. Det \u00e4r viktigt att du anger din hemadress (Hagagatan 15 A-G eller 17 A-N) n\u00e4r du st\u00e4ller dig i k\u00f6 f\u00f6r att kunna \u00e5tnjuta f\u00f6rturen.<\/p>\n<p>L\u00e4s noga i f\u00f6reningens<strong> <a href=\"http:\/\/riddaren24.se\/?page_id=762\">ordningsregler<\/a>, <a href=\"http:\/\/riddaren24.se\/?page_id=4035\">stadgar<\/a>, <a href=\"http:\/\/riddaren24.se\/?page_id=674\">ventilationsregler <\/a><\/strong>och \u00f6vriga <a href=\"http:\/\/riddaren24.se\/?page_id=577\"><strong>regler<\/strong><\/a> <u>innan<\/u> du b\u00f6rjar bygga om i din l\u00e4genhet. Det finns ganska m\u00e5nga saker som man m\u00e5ste ta h\u00e4nsyn till f\u00f6re och under renoveringsarbete i l\u00e4genheten s\u00e5 vi slipper on\u00f6diga skador p\u00e5 fastigheten, installationer och felk\u00f6p av produkter. Kom ih\u00e5g att du f\u00f6r vissa \u00e4ndringar m\u00e5ste ans\u00f6kan om styrelsens tillst\u00e5nd. Se mer information p\u00e5 den separata sidan om <strong><a href=\"http:\/\/riddaren24.se\/?page_id=3108\">Renovering av l\u00e4genhet<\/a><\/strong> under fliken F\u00f6r medlemmar\/Regler.<\/p>\n<p>Om du funderar p\u00e5 att glasa ni balkongen, gl\u00f6m inte att ett avtal beh\u00f6vs mellan dig och f\u00f6reningen samt att det finns regler f\u00f6r hur inglasningen ska se ut. Se sidan om <strong><a href=\"http:\/\/riddaren24.se\/?page_id=3878\">Balkonginglasning<\/a> <\/strong>f\u00f6r mer info och avtal att ladda ner.<\/p>\n<p>Gl\u00f6m inte att g\u00f6ra en flyttanm\u00e4lan! Info fr\u00e5n Skatteverket:<\/p>\n<h3 class=\"post-title entry-title\">Info ang flyttanm\u00e4lan fr Skatteverket<\/h3>\n<div class=\"entry-content clearfix\">\n<p>Fr\u00e5n Skatteverket:<\/p>\n<p><em>N\u00e4r du flyttar ska du g\u00f6ra en flyttanm\u00e4lan till Skatteverket (<a href=\"https:\/\/skatteverket.se\/flytta\" target=\"_blank\" rel=\"noopener noreferrer\" data-saferedirecturl=\"https:\/\/www.google.com\/url?q=https:\/\/skatteverket.se\/flytta&amp;source=gmail&amp;ust=1572290934277000&amp;usg=AFQjCNF9kUhzsvytIMZNBKQSqOs9asooSA\">https:\/\/skatteverket.se\/<wbr \/>flytta<\/a>\u00a0) s\u00e5 att du f\u00e5r r\u00e4tt folkbokf\u00f6ringsadress. G\u00f6r din anm\u00e4lan i f\u00f6rv\u00e4g eller senast en vecka efter flytten. Skatteverket sprider din nya adress till samtliga myndigheter och \u00e4ven till m\u00e5nga f\u00f6retag.\u00a0 Vill du ha efters\u00e4ndning av din post f\u00e5r du best\u00e4lla det hos Svensk\u00a0<span class=\"il\">adress\u00e4ndring<\/span>\u00a0(<u><a href=\"http:\/\/www.adressandring.se\/\" target=\"_blank\" rel=\"noopener noreferrer\" data-saferedirecturl=\"https:\/\/www.google.com\/url?q=http:\/\/www.adressandring.se&amp;source=gmail&amp;ust=1572290934277000&amp;usg=AFQjCNHgsVHzXWuxzWeKy4Q9iW6_VjvG2A\">www.adressandring.se<\/a><\/u>).<\/em><\/p>\n<p>Du som bor i en l\u00e4genhet ska vara folkbokf\u00f6rd p\u00e5 l\u00e4genheten. L\u00e4genhetsnumret \u00e4r en del av din adress och best\u00e5r av fyra siffror som visar p\u00e5 vilken v\u00e5ning och var p\u00e5 v\u00e5ningen l\u00e4genheten finns. Du kan hitta ditt l\u00e4genhetsnummer i ditt kontrakt eller p\u00e5 ditt postfack eller ytterd\u00f6rr.<\/p>\n<p>Du som \u00e4r inneboende eller hyr l\u00e4genhet i andra hand ska inte ange c\/o i din flyttanm\u00e4lan. Du ska se till att ditt namn finns p\u00e5 d\u00f6rren eller p\u00e5 postboxen i entr\u00e9n om det finns en s\u00e5dan.<\/p>\n<p>&nbsp;<\/p>\n<p>Se ocks\u00e5 Skatteverkets film ang\u00e5ende l\u00e4genhetsnumrering (ej f\u00f6reningens interna numrering):\u00a0<a href=\"https:\/\/vimeo.com\/354003032\">https:\/\/vimeo.com\/354003032<\/a><\/p>\n<\/div>\n","protected":false},"excerpt":{"rendered":"<p>Lite praktisk information till nyinflyttade medlemmar: V\u00e4lkomstbrev F\u00f6reningen har ett skalskydd med Aptus-l\u00e4sare p\u00e5 m\u00e5nga gemensamma d\u00f6rrar, fr\u00e4mst portar, grindar, tv\u00e4ttstugor, cykelrum och vissa k\u00e4llard\u00f6rrar. Till dessa d\u00f6rrar h\u00f6r ber\u00f6ringsfria nyckelbrickor som fastighetsf\u00f6rvaltaren sk\u00f6ter: Som ny medlem har du 7 dagar p\u00e5 dig att kontakta Delagotts kundtj\u00e4nst (via felanm\u00e4lan) och meddela vilka brickor som \u00e4r &hellip; <\/p>\n<p><a class=\"more-link btn\" href=\"http:\/\/riddaren24.se\/?page_id=959\">Forts\u00e4tt l\u00e4sa<\/a><\/p>\n","protected":false},"author":6,"featured_media":0,"parent":625,"menu_order":9,"comment_status":"closed","ping_status":"closed","template":"","meta":{"footnotes":""},"class_list":["post-959","page","type-page","status-publish","hentry","nodate","item-wrap"],"_links":{"self":[{"href":"http:\/\/riddaren24.se\/index.php?rest_route=\/wp\/v2\/pages\/959","targetHints":{"allow":["GET"]}}],"collection":[{"href":"http:\/\/riddaren24.se\/index.php?rest_route=\/wp\/v2\/pages"}],"about":[{"href":"http:\/\/riddaren24.se\/index.php?rest_route=\/wp\/v2\/types\/page"}],"author":[{"embeddable":true,"href":"http:\/\/riddaren24.se\/index.php?rest_route=\/wp\/v2\/users\/6"}],"replies":[{"embeddable":true,"href":"http:\/\/riddaren24.se\/index.php?rest_route=%2Fwp%2Fv2%2Fcomments&post=959"}],"version-history":[{"count":53,"href":"http:\/\/riddaren24.se\/index.php?rest_route=\/wp\/v2\/pages\/959\/revisions"}],"predecessor-version":[{"id":8112,"href":"http:\/\/riddaren24.se\/index.php?rest_route=\/wp\/v2\/pages\/959\/revisions\/8112"}],"up":[{"embeddable":true,"href":"http:\/\/riddaren24.se\/index.php?rest_route=\/wp\/v2\/pages\/625"}],"wp:attachment":[{"href":"http:\/\/riddaren24.se\/index.php?rest_route=%2Fwp%2Fv2%2Fmedia&parent=959"}],"curies":[{"name":"wp","href":"https:\/\/api.w.org\/{rel}","templated":true}]}}