{"id":861,"date":"2011-04-07T20:23:08","date_gmt":"2011-04-07T18:23:08","guid":{"rendered":"http:\/\/riddaren24.se\/?page_id=861"},"modified":"2023-07-14T00:07:52","modified_gmt":"2023-07-13T22:07:52","slug":"planerade-projekt","status":"publish","type":"page","link":"http:\/\/riddaren24.se\/?page_id=861","title":{"rendered":"Bokning av tv\u00e4ttstuga, gym och bastu"},"content":{"rendered":"<p style=\"text-align: justify;\">Instruktion f\u00f6r tv\u00e4ttstugebokning via tavlan i entr\u00e9n eller utanf\u00f6r tv\u00e4ttstugan, klicka h\u00e4r: <a href=\"http:\/\/riddaren24.se\/wp-content\/uploads\/2012\/03\/Bokning-Boka-1306.pdf\">Instruktion tv\u00e4ttstugebokning<\/a>. Samma bokningssystem anv\u00e4nds \u00e4ven f\u00f6r gymmet och bastun. Notera att man beh\u00f6ver vara medlem i Gymmets v\u00e4nner eller Basturelaxens v\u00e4nner f\u00f6r att kunna boka. \u00a0Se den <a href=\"http:\/\/riddaren24.se\/?page_id=5340\">separata infosidan om gymmet<\/a>\u00a0respektive <a href=\"http:\/\/riddaren24.se\/?page_id=5481\">sidan f\u00f6r bastun<\/a> f\u00f6r att bli medlem.<\/p>\n<p style=\"text-align: justify;\">F\u00f6r bokning via hemsidan, klicka h\u00e4r:<\/p>\n<p><a style=\"color: #ffffff !important;\" href=\"https:\/\/aptus.sakerhetsintegrering.se\/riddarsporren\/aptusportal\"><span style=\"border-radius: 4px; border: 1px solid #222222; padding: 10px; background-color: #229922; color: #ffffff !important;\">Till webbokningen<\/span><\/a><\/p>\n<p>F\u00f6r att logga in via hemsidan anger du <strong>Anv\u00e4ndarnamnet<\/strong>, som best\u00e5r av 4 siffror, varav de sista siffrorna \u00e4r ditt 2- eller 3-siffriga l\u00e4genhetsnummer (l\u00e4genhetsnumret h\u00e4r \u00e4r f\u00f6renings interna nummer).<\/p>\n<ul>\n<li style=\"text-align: justify;\">Om ditt l\u00e4genhetsnummer best\u00e5r av 2 siffror skriver du 10 f\u00f6ljt av det 2-siffriga l\u00e4genhetsnumret.<\/li>\n<li style=\"text-align: justify;\">Om ditt l\u00e4genhetsnummer best\u00e5r av 3 siffror skriver du 1 f\u00f6ljt av det 3-siffriga l\u00e4genhetsnumret.:<\/li>\n<\/ul>\n<p>Om du inte har bytt l\u00f6senordet \u00e4r det samma fyra siffror f\u00f6ljt av en extra\u00a0nolla p\u00e5 slutet.<\/p>\n<p style=\"text-align: justify;\">Exempel: l\u00e4genhetsnummer 106 har\u00a0anv\u00e4ndarnamn 1106 och l\u00f6senordet 11060.<\/p>\n<p style=\"text-align: justify;\">Exempel: l\u00e4genhetsnummer 35 har\u00a0anv\u00e4ndarnamn 1035 och l\u00f6senordet 10350.<\/p>\n<p><strong>Vi rekommenderar att du byter l\u00f6senordet.<\/strong> Det \u00e4r ett krav f\u00f6r att kunna anv\u00e4nda Aptus Home-appen med funktionen f\u00f6r att \u00f6ppna portar och grindar. Se den <a href=\"http:\/\/riddaren24.se\/?page_id=5782\">separata sidan om Aptus Home-appen<\/a> f\u00f6r mer information.<\/p>\n<h2>Byta l\u00f6senord<\/h2>\n<p>F\u00f6r att byta l\u00f6senord loggar man in i webbokningen med sitt anv\u00e4ndarnamn och nuvarande l\u00f6senord (se ovan). V\u00e4l inloggad v\u00e4ljer man &#8221;Inst\u00e4llningar&#8221; till v\u00e4nster och sedan &#8221;L\u00f6senord&#8221;. Det g\u00e5r \u00e4ven att ange en mailadress som senare kan anv\u00e4ndas f\u00f6r att \u00e5terst\u00e4lla l\u00f6senordet om man skulle gl\u00f6mma bort det.<\/p>\n<h2>Tv\u00e4ttstugeregler<\/h2>\n<ul>\n<li>Man kan boka ett pass \u00e5t g\u00e5ngen.<\/li>\n<li>Man kan under ett p\u00e5g\u00e5ende tv\u00e4ttpass boka ytterligare ett pass om det \u00e4r ledigt.<\/li>\n<li>Outnyttjat pass blir ledigt f\u00f6r annan bokning efter en halvtimme.<\/li>\n<li>Elen st\u00e4ngs av kl 22 m\u00e5-l\u00f6, kl 16 s\u00f6, d\u00e5 stannar alla maskiner och man kommer heller inte in efter denna tid.<\/li>\n<li>Efter ett avslutat tv\u00e4ttpass har man r\u00e4tt att torka sina kl\u00e4der ytterligare en halvtimme och kommer ocks\u00e5 in i tv\u00e4ttstugan denna period.<\/li>\n<li>Kvargl\u00f6mda kl\u00e4der etc l\u00e4ggs regelbundet in i f\u00f6rr\u00e5det utanf\u00f6r Tv\u00e4ttstugan 15 C dit alla har \u00e5tkomst, detta f\u00f6r att man ska kunna komma \u00e5t sina kvargl\u00f6mda saker utan att beh\u00f6va boka ny tv\u00e4ttid.<\/li>\n<\/ul>\n","protected":false},"excerpt":{"rendered":"<p>Instruktion f\u00f6r tv\u00e4ttstugebokning via tavlan i entr\u00e9n eller utanf\u00f6r tv\u00e4ttstugan, klicka h\u00e4r: Instruktion tv\u00e4ttstugebokning. Samma bokningssystem anv\u00e4nds \u00e4ven f\u00f6r gymmet och bastun. Notera att man beh\u00f6ver vara medlem i Gymmets v\u00e4nner eller Basturelaxens v\u00e4nner f\u00f6r att kunna boka. \u00a0Se den separata infosidan om gymmet\u00a0respektive sidan f\u00f6r bastun f\u00f6r att bli medlem. F\u00f6r bokning via hemsidan, &hellip; <\/p>\n<p><a class=\"more-link btn\" href=\"http:\/\/riddaren24.se\/?page_id=861\">Forts\u00e4tt l\u00e4sa<\/a><\/p>\n","protected":false},"author":6,"featured_media":0,"parent":625,"menu_order":8,"comment_status":"closed","ping_status":"closed","template":"","meta":{"footnotes":""},"class_list":["post-861","page","type-page","status-publish","hentry","nodate","item-wrap"],"_links":{"self":[{"href":"http:\/\/riddaren24.se\/index.php?rest_route=\/wp\/v2\/pages\/861","targetHints":{"allow":["GET"]}}],"collection":[{"href":"http:\/\/riddaren24.se\/index.php?rest_route=\/wp\/v2\/pages"}],"about":[{"href":"http:\/\/riddaren24.se\/index.php?rest_route=\/wp\/v2\/types\/page"}],"author":[{"embeddable":true,"href":"http:\/\/riddaren24.se\/index.php?rest_route=\/wp\/v2\/users\/6"}],"replies":[{"embeddable":true,"href":"http:\/\/riddaren24.se\/index.php?rest_route=%2Fwp%2Fv2%2Fcomments&post=861"}],"version-history":[{"count":25,"href":"http:\/\/riddaren24.se\/index.php?rest_route=\/wp\/v2\/pages\/861\/revisions"}],"predecessor-version":[{"id":6540,"href":"http:\/\/riddaren24.se\/index.php?rest_route=\/wp\/v2\/pages\/861\/revisions\/6540"}],"up":[{"embeddable":true,"href":"http:\/\/riddaren24.se\/index.php?rest_route=\/wp\/v2\/pages\/625"}],"wp:attachment":[{"href":"http:\/\/riddaren24.se\/index.php?rest_route=%2Fwp%2Fv2%2Fmedia&parent=861"}],"curies":[{"name":"wp","href":"https:\/\/api.w.org\/{rel}","templated":true}]}}