{"id":6113,"date":"2022-04-30T17:10:07","date_gmt":"2022-04-30T15:10:07","guid":{"rendered":"http:\/\/riddaren24.se\/?page_id=6113"},"modified":"2023-04-28T01:47:47","modified_gmt":"2023-04-27T23:47:47","slug":"2022-2","status":"publish","type":"page","link":"http:\/\/riddaren24.se\/?page_id=6113","title":{"rendered":"2022"},"content":{"rendered":"<p><strong>Kallelse till ordinarie f\u00f6reningsst\u00e4mma f\u00f6r Brf Riddarsporren m\u00e5ndag 2022-05-16, fullmakt, motioner, valberedningens f\u00f6rslag och styrelsens f\u00f6rslag\u00a0 (distribuerades per post).<\/strong><\/p>\n<p>Protokollet hittas <strong><a href=\"http:\/\/riddaren24.se\/wp-content\/uploads\/2022\/05\/Protokoll_Foreningsstamma_2022-05-16.pdf\">H\u00c4R<\/a><\/strong><\/p>\n<ul>\n<li>Kallelsen: <strong><a href=\"http:\/\/riddaren24.se\/wp-content\/uploads\/2022\/04\/Kallelse-stamma-220516.pdf\">Kallelse st\u00e4mma 220516<\/a><\/strong>.<\/li>\n<li>Motion A:<strong> <a href=\"http:\/\/riddaren24.se\/wp-content\/uploads\/2022\/05\/Motion-A_parkering-15-minuter_.pdf\">Motion A_parkering 15 minuter_<\/a><\/strong><\/li>\n<li>Motion B: <strong><a href=\"http:\/\/riddaren24.se\/wp-content\/uploads\/2022\/05\/Motion-B_cykelparkering-17-garden_.pdf\">Motion B_cykelparkering 17-g\u00e5rden_<\/a><\/strong><\/li>\n<li>Valberedningens f\u00f6rslag: <strong><a href=\"http:\/\/riddaren24.se\/wp-content\/uploads\/2022\/04\/Valberedningens-forslag-till-arsmotet-2022.pdf\">Valberedningens f\u00f6rslag till \u00e5rsm\u00f6tet 2022<\/a><\/strong><\/li>\n<li>Styrelsens f\u00f6rslag: <strong><a href=\"http:\/\/riddaren24.se\/wp-content\/uploads\/2022\/04\/Styrelsens-forslag-Riddarsporren-24-2022.pdf\">Styrelsens f\u00f6rslag Riddarsporren 24 2022<\/a><\/strong><\/li>\n<li>Fullmakt att f\u00f6retr\u00e4da max en medlem p\u00e5 \u00e5rsst\u00e4mman: <strong><a href=\"http:\/\/riddaren24.se\/wp-content\/uploads\/2022\/04\/Fullmakt-vid-arsstamman-2022.pdf\">Fullmakt vid \u00e5rsst\u00e4mman 2022<\/a><\/strong><\/li>\n<\/ul>\n<p>&nbsp;<\/p>\n<p><strong>\u00c5rsredovisning och revisionsber\u00e4ttelse (delades ut till medlemmarna).<\/strong><\/p>\n<ul>\n<li>\u00c5rsredovisning 2021 Brf Riddarsporren 24: <strong><a href=\"http:\/\/riddaren24.se\/wp-content\/uploads\/2022\/04\/AR-2021-Brf-Riddarsporren-24-769604-5397.pdf\">\u00c5R 2021 Brf Riddarsporren 24, 769604-5397<\/a><\/strong><\/li>\n<li>Revisionsber\u00e4ttelse 2021: <a href=\"http:\/\/riddaren24.se\/wp-content\/uploads\/2022\/04\/Revisionsberattelse-2021-Brf-Riddarsporren-24.pdf\"><strong>Revisionsber\u00e4ttelse 2021 Brf Riddarsporren 24<\/strong><\/a><\/li>\n<\/ul>\n","protected":false},"excerpt":{"rendered":"<p>Kallelse till ordinarie f\u00f6reningsst\u00e4mma f\u00f6r Brf Riddarsporren m\u00e5ndag 2022-05-16, fullmakt, motioner, valberedningens f\u00f6rslag och styrelsens f\u00f6rslag\u00a0 (distribuerades per post). Protokollet hittas H\u00c4R Kallelsen: Kallelse st\u00e4mma 220516. Motion A: Motion A_parkering 15 minuter_ Motion B: Motion B_cykelparkering 17-g\u00e5rden_ Valberedningens f\u00f6rslag: Valberedningens f\u00f6rslag till \u00e5rsm\u00f6tet 2022 Styrelsens f\u00f6rslag: Styrelsens f\u00f6rslag Riddarsporren 24 2022 Fullmakt att f\u00f6retr\u00e4da max &hellip; <\/p>\n<p><a class=\"more-link btn\" href=\"http:\/\/riddaren24.se\/?page_id=6113\">Forts\u00e4tt l\u00e4sa<\/a><\/p>\n","protected":false},"author":13,"featured_media":0,"parent":3374,"menu_order":-6,"comment_status":"closed","ping_status":"closed","template":"","meta":{"footnotes":""},"class_list":["post-6113","page","type-page","status-publish","hentry","nodate","item-wrap"],"_links":{"self":[{"href":"http:\/\/riddaren24.se\/index.php?rest_route=\/wp\/v2\/pages\/6113","targetHints":{"allow":["GET"]}}],"collection":[{"href":"http:\/\/riddaren24.se\/index.php?rest_route=\/wp\/v2\/pages"}],"about":[{"href":"http:\/\/riddaren24.se\/index.php?rest_route=\/wp\/v2\/types\/page"}],"author":[{"embeddable":true,"href":"http:\/\/riddaren24.se\/index.php?rest_route=\/wp\/v2\/users\/13"}],"replies":[{"embeddable":true,"href":"http:\/\/riddaren24.se\/index.php?rest_route=%2Fwp%2Fv2%2Fcomments&post=6113"}],"version-history":[{"count":6,"href":"http:\/\/riddaren24.se\/index.php?rest_route=\/wp\/v2\/pages\/6113\/revisions"}],"predecessor-version":[{"id":6151,"href":"http:\/\/riddaren24.se\/index.php?rest_route=\/wp\/v2\/pages\/6113\/revisions\/6151"}],"up":[{"embeddable":true,"href":"http:\/\/riddaren24.se\/index.php?rest_route=\/wp\/v2\/pages\/3374"}],"wp:attachment":[{"href":"http:\/\/riddaren24.se\/index.php?rest_route=%2Fwp%2Fv2%2Fmedia&parent=6113"}],"curies":[{"name":"wp","href":"https:\/\/api.w.org\/{rel}","templated":true}]}}