{"id":552,"date":"2011-01-07T11:13:27","date_gmt":"2011-01-07T10:13:27","guid":{"rendered":"http:\/\/riddaren24.se\/?page_id=552"},"modified":"2024-01-15T23:28:56","modified_gmt":"2024-01-15T21:28:56","slug":"uthyrning-2a-hand-hyresratt","status":"publish","type":"page","link":"http:\/\/riddaren24.se\/?page_id=552","title":{"rendered":"Hyresr\u00e4tt andrahandsuthyrning"},"content":{"rendered":"<p>N\u00e4r du vill ans\u00f6ka om att hyra ut din hyresr\u00e4tt i andra hand beh\u00f6ver du skriftligt tillst\u00e5nd av f\u00f6reningens styrelse, ans\u00f6kan skall i de flesta fall\u00a0kompletteras med\u00a0intyg som utvisar anledningen till ans\u00f6kan s\u00e5som exempelvis utlandstj\u00e4nstg\u00f6ring. F\u00f6reningen f\u00f6ljer de lagregler som \u00e5terfinns i <strong>Hyreslagen<\/strong>.<\/p>\n<p>Ans\u00f6kan skickas till <a href=\"http:\/\/riddaren24.se\/?page_id=12\">f\u00f6reningen <\/a>(eller l\u00e4mnas i f\u00f6reningens brevl\u00e5da Hagagatan 17 D)<\/p>\n<p>Klicka h\u00e4r f\u00f6r att ladda hem\u00a0<a href=\"http:\/\/riddaren24.se\/wp-content\/uploads\/2011\/01\/Ans\u00f6kan-2a-handsuth-hyresr\u00e4tt.pdf\" target=\"_blank\" rel=\"noopener\">blankett i pdf format.<\/a><\/p>\n<p>Klicka h\u00e4r f\u00f6r att ladda hem\u00a0<a href=\"http:\/\/riddaren24.se\/wp-content\/uploads\/2011\/01\/Ans\u00f6kan-2a-handsuth-hyresr\u00e4tt.doc\" target=\"_blank\" rel=\"noopener\">blankett i word\u00a0format.<\/a><\/p>\n","protected":false},"excerpt":{"rendered":"<p>N\u00e4r du vill ans\u00f6ka om att hyra ut din hyresr\u00e4tt i andra hand beh\u00f6ver du skriftligt tillst\u00e5nd av f\u00f6reningens styrelse, ans\u00f6kan skall i de flesta fall\u00a0kompletteras med\u00a0intyg som utvisar anledningen till ans\u00f6kan s\u00e5som exempelvis utlandstj\u00e4nstg\u00f6ring. F\u00f6reningen f\u00f6ljer de lagregler som \u00e5terfinns i Hyreslagen. Ans\u00f6kan skickas till f\u00f6reningen (eller l\u00e4mnas i f\u00f6reningens brevl\u00e5da Hagagatan 17 D) &hellip; <\/p>\n<p><a class=\"more-link btn\" href=\"http:\/\/riddaren24.se\/?page_id=552\">Forts\u00e4tt l\u00e4sa<\/a><\/p>\n","protected":false},"author":6,"featured_media":0,"parent":644,"menu_order":2,"comment_status":"closed","ping_status":"closed","template":"","meta":{"footnotes":""},"class_list":["post-552","page","type-page","status-publish","hentry","nodate","item-wrap"],"_links":{"self":[{"href":"http:\/\/riddaren24.se\/index.php?rest_route=\/wp\/v2\/pages\/552","targetHints":{"allow":["GET"]}}],"collection":[{"href":"http:\/\/riddaren24.se\/index.php?rest_route=\/wp\/v2\/pages"}],"about":[{"href":"http:\/\/riddaren24.se\/index.php?rest_route=\/wp\/v2\/types\/page"}],"author":[{"embeddable":true,"href":"http:\/\/riddaren24.se\/index.php?rest_route=\/wp\/v2\/users\/6"}],"replies":[{"embeddable":true,"href":"http:\/\/riddaren24.se\/index.php?rest_route=%2Fwp%2Fv2%2Fcomments&post=552"}],"version-history":[{"count":9,"href":"http:\/\/riddaren24.se\/index.php?rest_route=\/wp\/v2\/pages\/552\/revisions"}],"predecessor-version":[{"id":6659,"href":"http:\/\/riddaren24.se\/index.php?rest_route=\/wp\/v2\/pages\/552\/revisions\/6659"}],"up":[{"embeddable":true,"href":"http:\/\/riddaren24.se\/index.php?rest_route=\/wp\/v2\/pages\/644"}],"wp:attachment":[{"href":"http:\/\/riddaren24.se\/index.php?rest_route=%2Fwp%2Fv2%2Fmedia&parent=552"}],"curies":[{"name":"wp","href":"https:\/\/api.w.org\/{rel}","templated":true}]}}