{"id":4909,"date":"2020-04-20T23:05:14","date_gmt":"2020-04-20T21:05:14","guid":{"rendered":"http:\/\/riddaren24.se\/?page_id=4909"},"modified":"2021-03-21T21:44:59","modified_gmt":"2021-03-21T19:44:59","slug":"2019-2","status":"publish","type":"page","link":"http:\/\/riddaren24.se\/?page_id=4909","title":{"rendered":"\u00c5rsredovisning 2019"},"content":{"rendered":"<p>\u00c5rsredovisning f\u00f6r 2019 kan du se\u00a0<a href=\"http:\/\/riddaren24.se\/wp-content\/uploads\/2020\/04\/\u00c5rsredovisning-2019-Brf-Riddarsporren-24.pdf\">h\u00e4r<\/a><\/p>\n","protected":false},"excerpt":{"rendered":"<p>\u00c5rsredovisning f\u00f6r 2019 kan du se\u00a0h\u00e4r<\/p>\n","protected":false},"author":13,"featured_media":0,"parent":4981,"menu_order":0,"comment_status":"closed","ping_status":"closed","template":"","meta":{"footnotes":""},"class_list":["post-4909","page","type-page","status-publish","hentry","nodate","item-wrap"],"_links":{"self":[{"href":"http:\/\/riddaren24.se\/index.php?rest_route=\/wp\/v2\/pages\/4909","targetHints":{"allow":["GET"]}}],"collection":[{"href":"http:\/\/riddaren24.se\/index.php?rest_route=\/wp\/v2\/pages"}],"about":[{"href":"http:\/\/riddaren24.se\/index.php?rest_route=\/wp\/v2\/types\/page"}],"author":[{"embeddable":true,"href":"http:\/\/riddaren24.se\/index.php?rest_route=\/wp\/v2\/users\/13"}],"replies":[{"embeddable":true,"href":"http:\/\/riddaren24.se\/index.php?rest_route=%2Fwp%2Fv2%2Fcomments&post=4909"}],"version-history":[{"count":7,"href":"http:\/\/riddaren24.se\/index.php?rest_route=\/wp\/v2\/pages\/4909\/revisions"}],"predecessor-version":[{"id":5452,"href":"http:\/\/riddaren24.se\/index.php?rest_route=\/wp\/v2\/pages\/4909\/revisions\/5452"}],"up":[{"embeddable":true,"href":"http:\/\/riddaren24.se\/index.php?rest_route=\/wp\/v2\/pages\/4981"}],"wp:attachment":[{"href":"http:\/\/riddaren24.se\/index.php?rest_route=%2Fwp%2Fv2%2Fmedia&parent=4909"}],"curies":[{"name":"wp","href":"https:\/\/api.w.org\/{rel}","templated":true}]}}