{"id":237,"date":"2010-08-19T00:01:52","date_gmt":"2010-08-18T23:01:52","guid":{"rendered":"http:\/\/riddaren24.se\/?page_id=237"},"modified":"2024-06-23T23:29:26","modified_gmt":"2024-06-23T21:29:26","slug":"underhall","status":"publish","type":"page","link":"http:\/\/riddaren24.se\/?page_id=237","title":{"rendered":"Fastighetsf\u00f6rvaltning och felanm\u00e4lan"},"content":{"rendered":"<p>BRF Riddarsporren 24 har avtal om fastighetsf\u00f6rvaltning och fastighetssk\u00f6tsel med Delagott.<\/p>\n<p>Delagott hanterar \u00e4ven felanm\u00e4lan.<\/p>\n<p style=\"margin-bottom: 0px;\">De flesta typer av \u00e4renden ska rapporteras till Delagott, till exempel:<\/p>\n<ul>\n<li>Ombyggnationer<\/li>\n<li>F\u00f6rs\u00e4krings\u00e4renden<\/li>\n<li>St\u00f6rnings\u00e4renden<\/li>\n<li>Besiktningar f\u00f6re och efter renovering<\/li>\n<li>Inspektion vid avflyttning<\/li>\n<li>Tidplaner f\u00f6r planerade \u00e5tg\u00e4rder<\/li>\n<li>Fel i fastigheten<\/li>\n<li>Fel i hyresr\u00e4tt som f\u00f6reningen ska st\u00e5 f\u00f6r<\/li>\n<\/ul>\n<p style=\"margin-top: 6px; margin-bottom: 0px;\"><strong>Du kan kontakta Delagott p\u00e5 f\u00f6ljande s\u00e4tt:<\/strong><\/p>\n<ul>\n<li>P\u00e5 telefon <strong>08-331210<\/strong> kl. \u00a0m\u00e5n-fre kl 8:30-16 (lunchst\u00e4ngt 11:30-12:30). Svarsservice som tar emot samtalet \u00f6vriga tider\/dygnet runt.<\/li>\n<li>L\u00e4nk till formul\u00e4ret f\u00f6r felanm\u00e4lan: <a href=\"https:\/\/delagott.sumsys.se\/forms\/default.aspx?WK=E3E42FSTPIQXDAG\">https:\/\/delagott.sumsys.se\/forms\/default.aspx?WK=E3E42FSTPIQXDAG<\/a><\/li>\n<li>Via mail till <strong><a href=\"mailto:felanmalan@delagott.se\" target=\"_blank\" rel=\"noopener\">felanmalan@delagott.se<\/a><\/strong> eller \u00a0<a href=\"mailto:info@delagott.se\"><b>info@delagott.se\u00a0<\/b><\/a><\/li>\n<\/ul>\n<p style=\"margin-top: 12px;\"><strong>D\u00e5 Delagott endast kommer ut och \u00e5tg\u00e4rdar saker mellan 08:30 och 16 p\u00e5 vardagar har de sin trygghetsjour som kan \u00e5tg\u00e4rda br\u00e5dskande \u00e4renden utanf\u00f6r dessa tider. <\/strong>F\u00f6re 07 och efter 16 p\u00e5 vardagar, och dygnet runt p\u00e5 helger, kan man ist\u00e4llet ringa trygghetsjouren p\u00e5 <b>08-657 64 50.<\/b><\/p>\n<p>Ett \u00e4rende \u00e4r akut om det kan leda till st\u00f6rre skador p\u00e5 fastigheten eller l\u00f6per risk att skada person eller egendom.<strong> Observera att utryckning av jouren inneb\u00e4r en kostnad som kan komma att debiteras dig som medlem.<\/strong><\/p>\n<blockquote>\n<div dir=\"ltr\">\n<div dir=\"ltr\">\n<div><\/div>\n<\/div>\n<\/div>\n<\/blockquote>\n<p style=\"margin-bottom: 0px;\">Allts\u00e5, sammanfattningsvis:<\/p>\n<ul>\n<li>Felanm\u00e4lan i f\u00f6rsta hand till Delagott<\/li>\n<li>Felanm\u00e4lan f\u00f6r br\u00e5dskande \u00e4renden utanf\u00f6r 07-16 p\u00e5 vardagar till Delagotts Trygghetsjour.<\/li>\n<\/ul>\n<p>&nbsp;<\/p>\n<p><strong>Sopsugsanl\u00e4ggningen<\/strong> \u00e4r en sk. gemensamhetsanl\u00e4ggning, d\u00e4r \u00e4gande, drift och underh\u00e5ll delas med flera andra fastighets\u00e4gare i n\u00e4romr\u00e5det. Det \u00e4r viktigt att alla tar ansvar f\u00f6r att inte kasta annat \u00e4n hush\u00e5llssopor i\u00a0sopnedkastet. F\u00f6rpackningar och tidningar l\u00e4mnas i \u00e5tervinningsstation (den n\u00e4rmaste ligger p\u00e5 Frejgatan), grovsopor l\u00e4mnas i p\u00e5 n\u00e4rmaste \u00e5tervinningscentral (\u00c5VC) eller vid grovsoph\u00e4mtning som anordnats av f\u00f6reningen. Vid stopp i sopsugen kontaktar du <strong>Felanm\u00e4lan<\/strong>, som i sin tur kontaktar ansvarigt f\u00f6retag som ansvarar f\u00f6r felavhj\u00e4lpning. Kan stoppet h\u00e4rledas till en enskild fastighets\u00e4gare kommer denne att debiteras en felavhj\u00e4lpningsavgift\u00a0p\u00e5 upp till 100.000 kr f\u00f6r att indirekt ha orsakat problemet. Det \u00e4r allts\u00e5 oerh\u00f6rt viktigt att vi inte sl\u00e4nger skrymmande saker som kan fastna i sopr\u00f6ret s\u00e5som stora blommor, kartonger, tidningsbuntar,\u00a0br\u00e4dor\u00a0och liknande. Sopp\u00e5sar skall vara v\u00e4l ihopknutna!<\/p>\n<p>Beh\u00f6ver du en ytterligare nyckel tex en Aptusbricka eller iLoq-nyckel g\u00f6r du en best\u00e4llning genom <strong>Felanm\u00e4lan<\/strong>. N\u00e4r det g\u00e4ller vanliga metallnycklarna \u00e4r det Axl\u00e5s som tillverkar dessa. Varje nyckel har en specifik kod som du beh\u00f6ver ange samt dina kontaktuppgifter och l\u00e4genhetsnummer. Nyckeln h\u00e4mtas sedan hos <a href=\"http:\/\/www.axlas.se\">Axl\u00e5s AB<\/a> och betalning sker direkt vid utkvittering. Endast den person som st\u00e5r som \u00e4gare\/kontraktsinnehavare f\u00e5r best\u00e4lla\/kvittera en ny nyckel.<\/p>\n<p>Har du f\u00f6rlorat en Aptus-bricka eller iLoq-nyckel skall du anm\u00e4la detta till Felanm\u00e4lan s\u00e5 att brickan eller nyckeln kan sp\u00e4rras.<\/p>\n<p>Bostadsr\u00e4ttsinnehavare \u00e4r sj\u00e4lva ansvariga f\u00f6r de egna l\u00e5sen (ytterd\u00f6rrar\/altand\u00f6rrar\/f\u00f6nster) samt sk\u00f6tsel och underh\u00e5ll av sina l\u00e4genheter (l\u00e4s v\u00e5ra <a href=\"http:\/\/riddaren24.se\/?page_id=4035\">Stadgar <\/a>och <a href=\"http:\/\/riddaren24.se\/?page_id=762\">Ordningsregler <\/a>f\u00f6r mer information).<\/p>\n","protected":false},"excerpt":{"rendered":"<p>BRF Riddarsporren 24 har avtal om fastighetsf\u00f6rvaltning och fastighetssk\u00f6tsel med Delagott. Delagott hanterar \u00e4ven felanm\u00e4lan. De flesta typer av \u00e4renden ska rapporteras till Delagott, till exempel: Ombyggnationer F\u00f6rs\u00e4krings\u00e4renden St\u00f6rnings\u00e4renden Besiktningar f\u00f6re och efter renovering Inspektion vid avflyttning Tidplaner f\u00f6r planerade \u00e5tg\u00e4rder Fel i fastigheten Fel i hyresr\u00e4tt som f\u00f6reningen ska st\u00e5 f\u00f6r Du kan kontakta &hellip; <\/p>\n<p><a class=\"more-link btn\" href=\"http:\/\/riddaren24.se\/?page_id=237\">Forts\u00e4tt l\u00e4sa<\/a><\/p>\n","protected":false},"author":6,"featured_media":0,"parent":85,"menu_order":0,"comment_status":"closed","ping_status":"closed","template":"","meta":{"footnotes":""},"class_list":["post-237","page","type-page","status-publish","hentry","nodate","item-wrap"],"_links":{"self":[{"href":"http:\/\/riddaren24.se\/index.php?rest_route=\/wp\/v2\/pages\/237","targetHints":{"allow":["GET"]}}],"collection":[{"href":"http:\/\/riddaren24.se\/index.php?rest_route=\/wp\/v2\/pages"}],"about":[{"href":"http:\/\/riddaren24.se\/index.php?rest_route=\/wp\/v2\/types\/page"}],"author":[{"embeddable":true,"href":"http:\/\/riddaren24.se\/index.php?rest_route=\/wp\/v2\/users\/6"}],"replies":[{"embeddable":true,"href":"http:\/\/riddaren24.se\/index.php?rest_route=%2Fwp%2Fv2%2Fcomments&post=237"}],"version-history":[{"count":83,"href":"http:\/\/riddaren24.se\/index.php?rest_route=\/wp\/v2\/pages\/237\/revisions"}],"predecessor-version":[{"id":6921,"href":"http:\/\/riddaren24.se\/index.php?rest_route=\/wp\/v2\/pages\/237\/revisions\/6921"}],"up":[{"embeddable":true,"href":"http:\/\/riddaren24.se\/index.php?rest_route=\/wp\/v2\/pages\/85"}],"wp:attachment":[{"href":"http:\/\/riddaren24.se\/index.php?rest_route=%2Fwp%2Fv2%2Fmedia&parent=237"}],"curies":[{"name":"wp","href":"https:\/\/api.w.org\/{rel}","templated":true}]}}