{"id":2155,"date":"2015-03-20T18:00:01","date_gmt":"2015-03-20T16:00:01","guid":{"rendered":"http:\/\/riddaren24.se\/?page_id=2155"},"modified":"2021-07-08T00:14:45","modified_gmt":"2021-07-07T22:14:45","slug":"takrenovering","status":"publish","type":"page","link":"http:\/\/riddaren24.se\/?page_id=2155","title":{"rendered":"Tak- &#038; Fasadrenovering"},"content":{"rendered":"<p>Renoveringsprojektet \u00e4r avslutat.<\/p>\n<p>Vissa restarbeten \u00e5terst\u00e5r dock. Stocar Group \u00e5tg\u00e4rdar anm\u00e4rkningar fr\u00e5n besiktningen av f\u00f6nster. De flesta l\u00e4genheterna kommer att f\u00e5 bes\u00f6k av Stocar Group \u2013 i vissa fall kan flera bes\u00f6k beh\u00f6vas. Inf\u00f6r Stocars bes\u00f6k kommer avisering att ske i brevl\u00e5dan. Det \u00e5terst\u00e5r ocks\u00e5 ett mindre antal andra restarbeten..<\/p>\n<p>F\u00f6r den historiskt intresserade finns h\u00e4r nedan l\u00e4nkar till en del av den information som g\u00e5tt ut till medlemmarna:<\/p>\n<ul>\n<li><a href=\"http:\/\/riddaren24.se\/wp-content\/uploads\/2018\/05\/Status-projekt-Riddarsporren-2018-04-18.pdf\"><u><span style=\"color: #0066cc;\">Status projekt Riddarsporren 2018-04-18<\/span><\/u><\/a><\/li>\n<li><a href=\"http:\/\/riddaren24.se\/wp-content\/uploads\/2017\/10\/Allm\u00e4n-Information-24-2017-10-23.pdf\">Allm\u00e4n Information 24 2017-10-23<\/a><\/li>\n<li><a href=\"http:\/\/riddaren24.se\/wp-content\/uploads\/2015\/03\/Tidplan-2016-05-23-Kv.-Riddarsporren-24.pdf\" target=\"_blank\" rel=\"noopener\">Huvudtidplan<\/a><\/li>\n<li><a href=\"http:\/\/riddaren24.se\/wp-content\/uploads\/2015\/03\/skaala_continental_dreh_kipp_fonster_bruksanvisning_swe.pdf\" target=\"_blank\" rel=\"noopener\">Skaala Sk\u00f6tsel- och Bruksanvisning av f\u00f6nster och f\u00f6nsterd\u00f6rrar DK68 \/ DK105 \/ DK105A (PDF-format).<\/a><\/li>\n<li><a href=\"http:\/\/riddaren24.se\/wp-content\/uploads\/2015\/03\/skaala_pannordic_fonster_skotsel_swe.pdf\" target=\"_blank\" rel=\"noopener\">Skaala Sk\u00f6tsel- och Bruksanvisning av Pannordic f\u00f6nster (PDF-format).<\/a><\/li>\n<li><a href=\"http:\/\/riddaren24.se\/wp-content\/uploads\/2016\/06\/Informationsbrev-1-2016-06-09.pdf\" target=\"_blank\" rel=\"noopener\">Informationsbrev fr\u00e5n Ytterman &#8211; 2016-06-09 <\/a><\/li>\n<li><a href=\"http:\/\/riddaren24.se\/wp-content\/uploads\/2015\/03\/Fr\u00e5gor-och-svar-tak-14-juni-2016.docx\">Fr\u00e5gor och svar 2016-06-14\u00a0<\/a><\/li>\n<li><a href=\"http:\/\/riddaren24.se\/wp-content\/uploads\/2015\/03\/Fr\u00e5gor-och-svar-2015-04-09.pdf\" target=\"_blank\" rel=\"noopener\">Fr\u00e5gor och svar 2015-04-09<\/a><\/li>\n<li><a href=\"http:\/\/riddaren24.se\/wp-content\/uploads\/2015\/03\/fortsatt-svar-fr\u00e5gor.docx\" target=\"_blank\" rel=\"noopener\">Fr\u00e5gor och svar 2015-04-01<\/a><\/li>\n<li><a href=\"http:\/\/riddaren24.se\/wp-content\/uploads\/2015\/03\/Fr\u00e5gor-och-svar-r\u00f6rande-projekt-renovering-av-tak-20150319.pdf\" target=\"_blank\" rel=\"noopener\">Fr\u00e5gor och svar 2015-03-20<\/a> <a href=\"http:\/\/riddaren24.se\/wp-content\/uploads\/2015\/03\/Fr\u00e5gor-och-svar-r\u00f6rande-projekt-renovering-av-tak-20150319.pdf\" target=\"_blank\" rel=\"noopener\">\u00a0<\/a><\/li>\n<\/ul>\n","protected":false},"excerpt":{"rendered":"<p>Renoveringsprojektet \u00e4r avslutat. Vissa restarbeten \u00e5terst\u00e5r dock. Stocar Group \u00e5tg\u00e4rdar anm\u00e4rkningar fr\u00e5n besiktningen av f\u00f6nster. De flesta l\u00e4genheterna kommer att f\u00e5 bes\u00f6k av Stocar Group \u2013 i vissa fall kan flera bes\u00f6k beh\u00f6vas. Inf\u00f6r Stocars bes\u00f6k kommer avisering att ske i brevl\u00e5dan. Det \u00e5terst\u00e5r ocks\u00e5 ett mindre antal andra restarbeten.. F\u00f6r den historiskt intresserade finns &hellip; <\/p>\n<p><a class=\"more-link btn\" href=\"http:\/\/riddaren24.se\/?page_id=2155\">Forts\u00e4tt l\u00e4sa<\/a><\/p>\n","protected":false},"author":6,"featured_media":0,"parent":5721,"menu_order":0,"comment_status":"closed","ping_status":"closed","template":"","meta":{"footnotes":""},"class_list":["post-2155","page","type-page","status-publish","hentry","nodate","item-wrap"],"_links":{"self":[{"href":"http:\/\/riddaren24.se\/index.php?rest_route=\/wp\/v2\/pages\/2155","targetHints":{"allow":["GET"]}}],"collection":[{"href":"http:\/\/riddaren24.se\/index.php?rest_route=\/wp\/v2\/pages"}],"about":[{"href":"http:\/\/riddaren24.se\/index.php?rest_route=\/wp\/v2\/types\/page"}],"author":[{"embeddable":true,"href":"http:\/\/riddaren24.se\/index.php?rest_route=\/wp\/v2\/users\/6"}],"replies":[{"embeddable":true,"href":"http:\/\/riddaren24.se\/index.php?rest_route=%2Fwp%2Fv2%2Fcomments&post=2155"}],"version-history":[{"count":31,"href":"http:\/\/riddaren24.se\/index.php?rest_route=\/wp\/v2\/pages\/2155\/revisions"}],"predecessor-version":[{"id":5724,"href":"http:\/\/riddaren24.se\/index.php?rest_route=\/wp\/v2\/pages\/2155\/revisions\/5724"}],"up":[{"embeddable":true,"href":"http:\/\/riddaren24.se\/index.php?rest_route=\/wp\/v2\/pages\/5721"}],"wp:attachment":[{"href":"http:\/\/riddaren24.se\/index.php?rest_route=%2Fwp%2Fv2%2Fmedia&parent=2155"}],"curies":[{"name":"wp","href":"https:\/\/api.w.org\/{rel}","templated":true}]}}