{"id":1688,"date":"2014-04-22T22:24:30","date_gmt":"2014-04-22T21:24:30","guid":{"rendered":"http:\/\/riddaren24.se\/?page_id=1688"},"modified":"2016-07-04T17:07:19","modified_gmt":"2016-07-04T16:07:19","slug":"2014-2","status":"publish","type":"page","link":"http:\/\/riddaren24.se\/?page_id=1688","title":{"rendered":"2014"},"content":{"rendered":"<p>Ordinarie f\u00f6reningsst\u00e4mma \u00a02014 \u00e4gde rum den 7e april 2014 klockan 19.00  i Norrmalmskyrkan, Norrtullsgatan 37<\/p>\n<p>Definitiv kallelse,<a href=\"http:\/\/riddaren24.se\/wp-content\/uploads\/2014\/03\/Definitiv_kallelse_foreningsstamma-20141.doc\"> klicka h\u00e4r<\/a>:<\/p>\n<p>Inkomna motioner med svar, <a href=\"http:\/\/riddaren24.se\/?attachment_id=1666\">klicka h\u00e4r<\/a>:<\/p>\n<p>\u00c5rsredovisning 2013,<a href=\"http:\/\/riddaren24.se\/?attachment_id=1648\"> klicka h\u00e4r<\/a>:<\/p>\n<p>Valberedningens f\u00f6rslag, <a href=\"http:\/\/riddaren24.se\/?attachment_id=1667\">klicka h\u00e4r<\/a>:<\/p>\n<p>\u00c5rsm\u00f6tesprotokoll, <a href=\"http:\/\/riddaren24.se\/?attachment_id=1689\">klicka h\u00e4r<\/a><\/p>\n<p>&#8212;&#8212;&#8212;&#8212;&#8212;&#8212;&#8212;&#8212;&#8212;&#8212;&#8212;-<\/p>\n<p>Protokoll f\u00f6r extra f\u00f6reningsst\u00e4mma 27 augusti 2014, <a title=\"klicka h\u00e4r\" href=\"http:\/\/riddaren24.se\/wp-content\/uploads\/2014\/04\/20140827-Extrast\u00e4mma.pdf\" target=\"_blank\">klicka h\u00e4r<\/a><\/p>\n<p>Protokoll f\u00f6r extra f\u00f6reningsst\u00e4mma 27 november 2014, <a href=\"http:\/\/riddaren24.se\/wp-content\/uploads\/2014\/04\/protokollextrast\u00e4mmanr2_2014.pdf\">klicka h\u00e4r<\/a><\/p>\n","protected":false},"excerpt":{"rendered":"<p>Ordinarie f\u00f6reningsst\u00e4mma \u00a02014 \u00e4gde rum den 7e april 2014 klockan 19.00 i Norrmalmskyrkan, Norrtullsgatan 37 Definitiv kallelse, klicka h\u00e4r: Inkomna motioner med svar, klicka h\u00e4r: \u00c5rsredovisning 2013, klicka h\u00e4r: Valberedningens f\u00f6rslag, klicka h\u00e4r: \u00c5rsm\u00f6tesprotokoll, klicka h\u00e4r &#8212;&#8212;&#8212;&#8212;&#8212;&#8212;&#8212;&#8212;&#8212;&#8212;&#8212;- Protokoll f\u00f6r extra f\u00f6reningsst\u00e4mma 27 augusti 2014, klicka h\u00e4r Protokoll f\u00f6r extra f\u00f6reningsst\u00e4mma 27 november 2014, klicka h\u00e4r<\/p>\n","protected":false},"author":6,"featured_media":0,"parent":3374,"menu_order":2,"comment_status":"closed","ping_status":"closed","template":"","meta":{"footnotes":""},"class_list":["post-1688","page","type-page","status-publish","hentry","nodate","item-wrap"],"_links":{"self":[{"href":"http:\/\/riddaren24.se\/index.php?rest_route=\/wp\/v2\/pages\/1688","targetHints":{"allow":["GET"]}}],"collection":[{"href":"http:\/\/riddaren24.se\/index.php?rest_route=\/wp\/v2\/pages"}],"about":[{"href":"http:\/\/riddaren24.se\/index.php?rest_route=\/wp\/v2\/types\/page"}],"author":[{"embeddable":true,"href":"http:\/\/riddaren24.se\/index.php?rest_route=\/wp\/v2\/users\/6"}],"replies":[{"embeddable":true,"href":"http:\/\/riddaren24.se\/index.php?rest_route=%2Fwp%2Fv2%2Fcomments&post=1688"}],"version-history":[{"count":7,"href":"http:\/\/riddaren24.se\/index.php?rest_route=\/wp\/v2\/pages\/1688\/revisions"}],"predecessor-version":[{"id":3373,"href":"http:\/\/riddaren24.se\/index.php?rest_route=\/wp\/v2\/pages\/1688\/revisions\/3373"}],"up":[{"embeddable":true,"href":"http:\/\/riddaren24.se\/index.php?rest_route=\/wp\/v2\/pages\/3374"}],"wp:attachment":[{"href":"http:\/\/riddaren24.se\/index.php?rest_route=%2Fwp%2Fv2%2Fmedia&parent=1688"}],"curies":[{"name":"wp","href":"https:\/\/api.w.org\/{rel}","templated":true}]}}