{"id":1501,"date":"2013-03-26T23:52:27","date_gmt":"2013-03-26T22:52:27","guid":{"rendered":"http:\/\/riddaren24.se\/?page_id=1501"},"modified":"2016-07-04T14:47:32","modified_gmt":"2016-07-04T13:47:32","slug":"2012-2","status":"publish","type":"page","link":"http:\/\/riddaren24.se\/?page_id=1501","title":{"rendered":"2012"},"content":{"rendered":"<p lang=\"en-US\">Ordinarie f\u00f6reningsst\u00e4mma \u00a02013 g\u00e5r av stapeln onsdagen den\u00a0 10 april 2013, klockan 19.00 i Norrmalmskyrkan, Norrtullsgatan 37<\/p>\n<p>Definitiv kallelse, klicka h\u00e4r: <a href=\"http:\/\/riddaren24.se\/wp-content\/uploads\/2013\/03\/Definitiv_kallelse_foreningsstamma-2013.pdf\" target=\"_self\">Definitiv kallelse f\u00f6reningsst\u00e4mma 2013<\/a><\/p>\n<p>Inkomna motioner, klicka h\u00e4r: <a href=\"http:\/\/riddaren24.se\/wp-content\/uploads\/2013\/03\/inkomna-motioner-2013.pdf\">Inkomna motioner 2013<\/a><\/p>\n<p>Svar p\u00e5 inkomna motioner, klicka h\u00e4r: <a href=\"http:\/\/riddaren24.se\/wp-content\/uploads\/2013\/03\/Svar-p\u00e5-inkomna-motioner-2013.pdf\">svar p\u00e5 inkomna motioner 2013<\/a><\/p>\n<p>\u00c5rsredovisning, klicka h\u00e4r: <a href=\"http:\/\/riddaren24.se\/wp-content\/uploads\/2013\/03\/Arsredovisning_2012.pdf\">\u00c5rsredovisning<\/a><\/p>\n<p>Revisionsber\u00e4ttelse, klicka h\u00e4r: <a href=\"http:\/\/riddaren24.se\/wp-content\/uploads\/2013\/03\/Revisionsber\u00e4ttelse_2012.pdf\">Revisionsber\u00e4ttelse<\/a><\/p>\n<p>Valberedningens f\u00f6rslag, klicka h\u00e4r: <a href=\"http:\/\/riddaren24.se\/wp-content\/uploads\/2013\/03\/Valberedningens-f\u00f6rslag-2013.pdf\">Valberedningens f\u00f6rslag<\/a><\/p>\n<p><span style=\"font-size: x-small;\">valberedningens f\u00f6rslag<\/span><\/p>\n","protected":false},"excerpt":{"rendered":"<p>Ordinarie f\u00f6reningsst\u00e4mma \u00a02013 g\u00e5r av stapeln onsdagen den\u00a0 10 april 2013, klockan 19.00 i Norrmalmskyrkan, Norrtullsgatan 37 Definitiv kallelse, klicka h\u00e4r: Definitiv kallelse f\u00f6reningsst\u00e4mma 2013 Inkomna motioner, klicka h\u00e4r: Inkomna motioner 2013 Svar p\u00e5 inkomna motioner, klicka h\u00e4r: svar p\u00e5 inkomna motioner 2013 \u00c5rsredovisning, klicka h\u00e4r: \u00c5rsredovisning Revisionsber\u00e4ttelse, klicka h\u00e4r: Revisionsber\u00e4ttelse Valberedningens f\u00f6rslag, klicka h\u00e4r: &hellip; <\/p>\n<p><a class=\"more-link btn\" href=\"http:\/\/riddaren24.se\/?page_id=1501\">Forts\u00e4tt l\u00e4sa<\/a><\/p>\n","protected":false},"author":6,"featured_media":0,"parent":3374,"menu_order":4,"comment_status":"closed","ping_status":"closed","template":"","meta":{"footnotes":""},"class_list":["post-1501","page","type-page","status-publish","hentry","nodate","item-wrap"],"_links":{"self":[{"href":"http:\/\/riddaren24.se\/index.php?rest_route=\/wp\/v2\/pages\/1501","targetHints":{"allow":["GET"]}}],"collection":[{"href":"http:\/\/riddaren24.se\/index.php?rest_route=\/wp\/v2\/pages"}],"about":[{"href":"http:\/\/riddaren24.se\/index.php?rest_route=\/wp\/v2\/types\/page"}],"author":[{"embeddable":true,"href":"http:\/\/riddaren24.se\/index.php?rest_route=\/wp\/v2\/users\/6"}],"replies":[{"embeddable":true,"href":"http:\/\/riddaren24.se\/index.php?rest_route=%2Fwp%2Fv2%2Fcomments&post=1501"}],"version-history":[{"count":5,"href":"http:\/\/riddaren24.se\/index.php?rest_route=\/wp\/v2\/pages\/1501\/revisions"}],"predecessor-version":[{"id":3213,"href":"http:\/\/riddaren24.se\/index.php?rest_route=\/wp\/v2\/pages\/1501\/revisions\/3213"}],"up":[{"embeddable":true,"href":"http:\/\/riddaren24.se\/index.php?rest_route=\/wp\/v2\/pages\/3374"}],"wp:attachment":[{"href":"http:\/\/riddaren24.se\/index.php?rest_route=%2Fwp%2Fv2%2Fmedia&parent=1501"}],"curies":[{"name":"wp","href":"https:\/\/api.w.org\/{rel}","templated":true}]}}