{"id":12,"date":"2010-07-13T16:54:45","date_gmt":"2010-07-13T14:54:45","guid":{"rendered":"http:\/\/riddaren24.se\/?page_id=12"},"modified":"2026-04-26T23:28:51","modified_gmt":"2026-04-26T21:28:51","slug":"styrelsen","status":"publish","type":"page","link":"http:\/\/riddaren24.se\/?page_id=12","title":{"rendered":"Styrelsen"},"content":{"rendered":"<h4>V\u00e4nd dig till v\u00e5r <a href=\"http:\/\/riddaren24.se\/?page_id=237\" target=\"_blank\" rel=\"noopener\">f\u00f6rvaltare <\/a>f\u00f6r f\u00f6rvaltningsfr\u00e5gor och till <a href=\"http:\/\/riddaren24.se\/?page_id=237\" target=\"_blank\" rel=\"noopener\">felanm\u00e4lan <\/a>f\u00f6r att anm\u00e4la fel och st\u00f6rningar.<\/h4>\n<p><b>\u00c4r du m\u00e4klare och ska s\u00e4lja en\u00a0l\u00e4genhet i v\u00e5r f\u00f6rening?<\/b> Vi har sammanst\u00e4llt svar p\u00e5 vanliga fr\u00e5gor <strong><a href=\"https:\/\/riddaren24.se\/?page_id=5086\">p\u00e5 den h\u00e4r sidan, <\/a><\/strong><a href=\"https:\/\/riddaren24.se\/?page_id=5086\">d\u00e4r finns ocks\u00e5 ett dokument med information att ladda ned<\/a><strong><a href=\"https:\/\/riddaren24.se\/?page_id=5086\">.<\/a><\/strong><\/p>\n<h4>Styrelsen best\u00e5r av:<\/h4>\n<p><strong>Emma Klang<\/strong>, Ordf\u00f6rande, 17M, <a href=\"tel:0730-933675\">0730-93 36 75<\/a><\/p>\n<p><strong>Adam Kisiel<\/strong>, Vice Ordf\u00f6rande, 17D<\/p>\n<p><strong>Aira Nyman<\/strong>, Kass\u00f6r, 17A<\/p>\n<p><strong>Jasmin Ericsson<\/strong>, Ledamot, 17D<\/p>\n<p><strong>Matilda \u00d6dquist<\/strong>, Ledamot, 17N<\/p>\n<p><strong>Kenneth Wall<\/strong>, Ledamot, 17B<\/p>\n<p><strong>Wictor Stiebel, <\/strong>Suppleant, 17J<\/p>\n<p><strong>Ingvar R\u00fcckemann<\/strong>, Suppleant, 15G<\/p>\n<p>Skicka g\u00e4rna id\u00e9er och kommentarer till oss via e-post: <a href=\"mailto:styrelsen.riddarsporren24@gmail.com\" target=\"_blank\" rel=\"noopener\">styrelsen.riddarsporren24@gmail.com\u00a0<\/a><\/p>\n<p>Meddelanden kan \u00e4ven\u00a0l\u00e4mnas i f\u00f6reningens brevl\u00e5da vid <strong>F\u00f6reningslokalen Hagagatan 17D<\/strong>.<\/p>\n<p>Om du m\u00e5ste kontakta ordf\u00f6randen kan han n\u00e5s p\u00e5 <a href=\"tel:0730-933675\">0730-93 36 75<\/a>\u00a0i f\u00f6reningsfr\u00e5gor. <strong>Notera dock att du i f\u00f6rsta hand ska v\u00e4nda dig till f\u00f6rvaltare\/felanm\u00e4lan med de flesta \u00e4renden, och i andra hand till styrelsen via styrelsemailen.<\/strong> Notera ocks\u00e5 att detta \u00e4r ett specifikt telefonnummer f\u00f6r ordf\u00f6randerollen. V\u00e4nligen respektera detta och kontakta inte ordf\u00f6randen via n\u00e5got annat telefonnummer.<\/p>\n<p>Postadressen till f\u00f6reningen \u00e4r:<\/p>\n<p><strong>Bostadsr\u00e4ttsf\u00f6reningen Riddarsporren 24, <\/strong><br \/>\n<strong>Hagagatan 17 D<\/strong><br \/>\n<strong>113 47 Stockholm<\/strong><\/p>\n","protected":false},"excerpt":{"rendered":"<p>V\u00e4nd dig till v\u00e5r f\u00f6rvaltare f\u00f6r f\u00f6rvaltningsfr\u00e5gor och till felanm\u00e4lan f\u00f6r att anm\u00e4la fel och st\u00f6rningar. \u00c4r du m\u00e4klare och ska s\u00e4lja en\u00a0l\u00e4genhet i v\u00e5r f\u00f6rening? Vi har sammanst\u00e4llt svar p\u00e5 vanliga fr\u00e5gor p\u00e5 den h\u00e4r sidan, d\u00e4r finns ocks\u00e5 ett dokument med information att ladda ned. Styrelsen best\u00e5r av: Emma Klang, Ordf\u00f6rande, 17M, 0730-93 &hellip; <\/p>\n<p><a class=\"more-link btn\" href=\"http:\/\/riddaren24.se\/?page_id=12\">Forts\u00e4tt l\u00e4sa<\/a><\/p>\n","protected":false},"author":6,"featured_media":0,"parent":85,"menu_order":1,"comment_status":"closed","ping_status":"closed","template":"","meta":{"footnotes":""},"class_list":["post-12","page","type-page","status-publish","hentry","nodate","item-wrap"],"_links":{"self":[{"href":"http:\/\/riddaren24.se\/index.php?rest_route=\/wp\/v2\/pages\/12","targetHints":{"allow":["GET"]}}],"collection":[{"href":"http:\/\/riddaren24.se\/index.php?rest_route=\/wp\/v2\/pages"}],"about":[{"href":"http:\/\/riddaren24.se\/index.php?rest_route=\/wp\/v2\/types\/page"}],"author":[{"embeddable":true,"href":"http:\/\/riddaren24.se\/index.php?rest_route=\/wp\/v2\/users\/6"}],"replies":[{"embeddable":true,"href":"http:\/\/riddaren24.se\/index.php?rest_route=%2Fwp%2Fv2%2Fcomments&post=12"}],"version-history":[{"count":84,"href":"http:\/\/riddaren24.se\/index.php?rest_route=\/wp\/v2\/pages\/12\/revisions"}],"predecessor-version":[{"id":8253,"href":"http:\/\/riddaren24.se\/index.php?rest_route=\/wp\/v2\/pages\/12\/revisions\/8253"}],"up":[{"embeddable":true,"href":"http:\/\/riddaren24.se\/index.php?rest_route=\/wp\/v2\/pages\/85"}],"wp:attachment":[{"href":"http:\/\/riddaren24.se\/index.php?rest_route=%2Fwp%2Fv2%2Fmedia&parent=12"}],"curies":[{"name":"wp","href":"https:\/\/api.w.org\/{rel}","templated":true}]}}