{"id":1190,"date":"2012-02-09T09:54:43","date_gmt":"2012-02-09T08:54:43","guid":{"rendered":"http:\/\/riddaren24.se\/?page_id=1190"},"modified":"2021-05-10T23:20:28","modified_gmt":"2021-05-10T21:20:28","slug":"injusteringsprotokoll-ventilation","status":"publish","type":"page","link":"http:\/\/riddaren24.se\/?page_id=1190","title":{"rendered":"Injusteringsprotokoll ventilation"},"content":{"rendered":"<p>Efter ingrepp i ventilationen, t ex renovering eller utbyte av utrustning, skall blanketten nedan fyllas i av beh\u00f6rig ventilationsfirma och skickas till f\u00f6reningens <a href=\"http:\/\/riddaren24.se\/?page_id=237\"><strong>f\u00f6rvaltare<\/strong>.<\/a><\/p>\n<p><a href=\"http:\/\/riddaren24.se\/wp-content\/uploads\/2012\/02\/BRF_injusteringsprotokoll_v2.pdf\">Injusteringsprotokoll ventilation<\/a>.<\/p>\n","protected":false},"excerpt":{"rendered":"<p>Efter ingrepp i ventilationen, t ex renovering eller utbyte av utrustning, skall blanketten nedan fyllas i av beh\u00f6rig ventilationsfirma och skickas till f\u00f6reningens f\u00f6rvaltare. Injusteringsprotokoll ventilation.<\/p>\n","protected":false},"author":6,"featured_media":0,"parent":519,"menu_order":7,"comment_status":"closed","ping_status":"closed","template":"","meta":{"footnotes":""},"class_list":["post-1190","page","type-page","status-publish","hentry","nodate","item-wrap"],"_links":{"self":[{"href":"http:\/\/riddaren24.se\/index.php?rest_route=\/wp\/v2\/pages\/1190","targetHints":{"allow":["GET"]}}],"collection":[{"href":"http:\/\/riddaren24.se\/index.php?rest_route=\/wp\/v2\/pages"}],"about":[{"href":"http:\/\/riddaren24.se\/index.php?rest_route=\/wp\/v2\/types\/page"}],"author":[{"embeddable":true,"href":"http:\/\/riddaren24.se\/index.php?rest_route=\/wp\/v2\/users\/6"}],"replies":[{"embeddable":true,"href":"http:\/\/riddaren24.se\/index.php?rest_route=%2Fwp%2Fv2%2Fcomments&post=1190"}],"version-history":[{"count":9,"href":"http:\/\/riddaren24.se\/index.php?rest_route=\/wp\/v2\/pages\/1190\/revisions"}],"predecessor-version":[{"id":5626,"href":"http:\/\/riddaren24.se\/index.php?rest_route=\/wp\/v2\/pages\/1190\/revisions\/5626"}],"up":[{"embeddable":true,"href":"http:\/\/riddaren24.se\/index.php?rest_route=\/wp\/v2\/pages\/519"}],"wp:attachment":[{"href":"http:\/\/riddaren24.se\/index.php?rest_route=%2Fwp%2Fv2%2Fmedia&parent=1190"}],"curies":[{"name":"wp","href":"https:\/\/api.w.org\/{rel}","templated":true}]}}